{"id":2,"date":"2020-02-10T13:19:28","date_gmt":"2020-02-10T12:19:28","guid":{"rendered":"https:\/\/erica-kessler.com\/?page_id=2"},"modified":"2026-02-02T15:08:49","modified_gmt":"2026-02-02T14:08:49","slug":"erica-kessler-2","status":"publish","type":"page","link":"https:\/\/erica-kessler.com\/de\/","title":{"rendered":"Customized Premium Linkedin Training"},"content":{"rendered":"<figure itemscope itemtype=\"https:\/\/schema.org\/ImageObject\">\n\t\t\t\t<img decoding=\"async\" src=\"https:\/\/erica-kessler.com\/wp-content\/uploads\/2025\/02\/Social-Media-Leaders-GmbH-Linkedin-Strategie-Training-und-Referate-Erica-Kessler-Schweiz.png\" alt=\"Social Media Leaders GmbH Linkedin Strategie Training und Referate Erica Kessler Schweiz\" height=\"632\" width=\"903\" title=\"Social Media Leaders GmbH Linkedin Strategie Training und Referate Erica Kessler Schweiz\" onerror=\"this.style.display='none'\" loading=\"lazy\" \/>\n\t<\/figure>\n<h3>\n\t\t\tHi I&#8217;m Erica Kessler\t<\/h3>\n<h3>\n\t\t\tA Linkedin Strategist, Trainer, Consultant, Lecturer and Speaker &#038; Career Coach since 2015\t<\/h3>\n\t<p>I&#8217;m a native of Zurich, Switzerland, and I founded Social Media Leaders GmbH. It&#8217;s my passion to inspire and educate individuals, teams, organizations and universities to achieve their goals. As a speaker I share inspirational talks, educational presentations and motivate audiences to act immediately on what they&#8217;ve learned. As a career coach, I specialize in empowering job seekers to confidently step beyond their comfort zones with a strong positioning and proven job strategies.<\/p>\n\t\t\t<a href=\"https:\/\/erica-kessler.com\/de\/erica-kessler\/\"  target=\"_self\">\n\t\t\t\t\t\t\tErfahren Sie mehr \u00fcber mich\n\t\t\t\t\t<\/a>\n<figure itemscope itemtype=\"https:\/\/schema.org\/ImageObject\">\n\t\t\t\t<img decoding=\"async\" src=\"https:\/\/erica-kessler.com\/wp-content\/uploads\/2020\/07\/erica-kessler-linkedin-for-leaders-team-training-maximise-your-linkedin-presence-strategically.jpg\" alt=\"erica kessler linkedin for leaders team training maximise your linkedin presence strategically\" height=\"801\" width=\"1200\" title=\"erica kessler linkedin for leaders team training maximise your linkedin presence strategically\" onerror=\"this.style.display='none'\" loading=\"lazy\" \/>\n\t<\/figure>\n<h3>\n\t\t\tAuf Sie zugeschnittene Linkedin Premium High-End-Angebote seit 2015\t<\/h3>\n<h3>\n\t\t\t Ich helfe Ihnen, eine \u00fcberzeugende Linkedin-Pr\u00e4senz mit meinem High-End Linkedin Training aufzubauen, welches Ihre Ziele unterst\u00fctzt. Das Fundament f\u00fcr Ihren Erfolg ist eine strategische Linkedin Unternehmensseite oder ein pers\u00f6nliches Linkedin Profil.\t<\/h3>\n\t\t\t<a href=\"https:\/\/erica-kessler.com\/de\/services\/\"  target=\"_self\">\n\t\t\t\t\t\t\tErfahren Sie mehr\n\t\t\t\t\t<\/a>\n<figure itemscope itemtype=\"https:\/\/schema.org\/ImageObject\">\n\t\t\t\t<img decoding=\"async\" src=\"https:\/\/erica-kessler.com\/wp-content\/uploads\/2025\/05\/erica-kessler-career-coach-and-consulted-for-c-level-executives-lucerne-zurich-berne-switzerland-b-scaled.jpg\" alt=\"erica kessler career coach and consulted for c-level executives lucerne zurich berne switzerland - b\" height=\"2560\" width=\"2221\" title=\"erica kessler career coach and consulted for c-level executives lucerne zurich berne switzerland - b\" onerror=\"this.style.display='none'\" loading=\"lazy\" \/>\n\t<\/figure>\n<h1>\n\t\t\tAuf Sie zugeschnittenes Karriere Coaching \t<\/h1>\n\t<h3><strong>Zahlreiche Personen k\u00f6nnen von einer gezielten Karrierepositionierung und Jobsuch-Strategie profitieren. Meine gr\u00f6ssten Erfolge habe ich bei der Begleitung von F\u00fchrungskr\u00e4ften und Managern erreicht, die darauf abzielen, neue berufliche Chancen strategisch anzuziehen und sich optimal mit diesen abzustimmen.<\/strong><\/h3>\n\t\t\t<a href=\"https:\/\/erica-kessler.com\/de\/career\/\"  target=\"_self\">\n\t\t\t\t\t\t\tErfahren Sie mehr\n\t\t\t\t\t<\/a>\n\t\t<h5>GL-Mitglieder, F\u00fchrungskr\u00e4fte oder Teams<\/h5><h3> Globale Leaders in der Schweiz oder im Ausland<\/h3>\t\t\t\n\t\t\t\t<p>Positionieren Sie sich oder die Teams als globale Leaders auf Linkedin<\/p>\n\t\t<h5>Unternehmungen, KMUs oder Selbst\u00e4ndig Erwerbende<\/h5><h3>Marketing, HR, Event oder Vertrieb<\/h3>\t\t\t\n\t\t\t\t<p>Ihre Gesch\u00e4ftsziele auf Linkedin unterst\u00fctzen<\/p>\n\t\t<h5>GL-Mitglieder und weitere F\u00fchrungskr\u00e4fte<\/h5><h3>Arbeitssuchende in der Schweiz oder im Ausland<\/h3>\t\t\t\n\t\t\t\t<p>Um Ihren bevorzugten zuk\u00fcnftigen Arbeitgeber in der Schweiz oder im Ausland anzuziehen oder zu finden.<\/p>\n\t\t<h5>Referate<\/h5><h3>In-House, Veranstaltungen oder Events<\/h3>\t\t\t\n\t\t\t\t<p>Inspirierende Reden mit Best Practice<\/p>\n\t\t\t<a href=\"https:\/\/erica-kessler.com\/de\/services\/\"  target=\"_self\">\n\t\t\t\t\t\t\tErfahren Sie mehr\n\t\t\t\t\t<\/a>\n<h5>\n\t\t\tIhre Vorteile\t<\/h5>\n<h3>\n\t\t\tSie profitieren von meiner weltweiten Erfahrung und meinem Experten und Beeinflusser Netzwerk.\t<\/h3>\n\t<p>You will position yourself and leave your competitors way behind. Your profile will be highly ranked in Linkedin searches. Clients and potential clients, employees, business partners, headhunters, recruiters and future employers, investors, industry leaders and many more will find you 365 days of the year or see you in a newsfeed. I&#8217;ll ensure that your activities align strategically with your goals. You will work efficiently with Linkedin mobile and Linkedin messenger.<\/p>\n<h3>\n\t\t\tEinige meiner zufriedenen Kunden\t<\/h3>\n\t<h3>Meine Kunden haben ihre Ziele mit Linkedin Marketing erreicht<\/h3>\n<figure itemscope itemtype=\"https:\/\/schema.org\/ImageObject\">\n\t\t\t\t<a href=\"https:\/\/www.lukb.ch\"  target=\"_blank\" rel=\"noopener\"  itemprop=\"url\">\n\t\t\t\t<img decoding=\"async\" src=\"https:\/\/erica-kessler.com\/wp-content\/uploads\/2025\/09\/Luzerner-Kantonalbank-LUKB.jpg\" alt=\"Luzerner Kantonalbank LUKB\" height=\"287\" width=\"1445\" title=\"Luzerner Kantonalbank LUKB\" onerror=\"this.style.display='none'\" loading=\"lazy\" \/>\n\t\t\t\t<\/a>\n\t<\/figure>\n<figure itemscope itemtype=\"https:\/\/schema.org\/ImageObject\">\n\t\t\t\t<a href=\"https:\/\/www.pilatus-aircraft.com\"  target=\"_blank\" rel=\"noopener\"  itemprop=\"url\">\n\t\t\t\t<img decoding=\"async\" src=\"https:\/\/erica-kessler.com\/wp-content\/uploads\/2022\/12\/Pilatus-Aircraft-Ltd.png\" alt=\"Pilatus Aircraft Ltd\" height=\"66\" width=\"576\" title=\"Pilatus Aircraft Ltd\" onerror=\"this.style.display='none'\" loading=\"lazy\" \/>\n\t\t\t\t<\/a>\n\t<\/figure>\n<figure itemscope itemtype=\"https:\/\/schema.org\/ImageObject\">\n\t\t\t\t<a href=\"https:\/\/www.swisscom.ch\/en\/about\/company\/governance\/groupexecutiveboard\/members\/christoph-aeschlimann.html\"  target=\"_blank\" rel=\"noopener\"  itemprop=\"url\">\n\t\t\t\t<img decoding=\"async\" src=\"https:\/\/erica-kessler.com\/wp-content\/uploads\/2020\/08\/Swisscom-300x117.jpg\" alt=\"Swisscom\" height=\"117\" width=\"300\" title=\"Swisscom\" onerror=\"this.style.display='none'\" loading=\"lazy\" \/>\n\t\t\t\t<\/a>\n\t<\/figure>\n<figure itemscope itemtype=\"https:\/\/schema.org\/ImageObject\">\n\t\t\t\t<a href=\"https:\/\/www.careerservices.uzh.ch\/en.html\"  target=\"_self\" itemprop=\"url\">\n\t\t\t\t<img decoding=\"async\" src=\"https:\/\/erica-kessler.com\/wp-content\/uploads\/2020\/12\/University-of-Zurich-Career-Services.png\" alt=\"Universit\u00e4t Z\u00fcrich\" height=\"283\" width=\"591\" title=\"Career Services der Universit\u00e4t Z\u00fcrich\" onerror=\"this.style.display='none'\" loading=\"lazy\" \/>\n\t\t\t\t<\/a>\n\t<\/figure>\n<figure itemscope itemtype=\"https:\/\/schema.org\/ImageObject\">\n\t\t\t\t<a href=\"https:\/\/www.radissonhotels.com\/en-us\/hotels\/radisson-blu-lucerne\"  target=\"_blank\" rel=\"noopener\"  itemprop=\"url\">\n\t\t\t\t<img decoding=\"async\" src=\"https:\/\/erica-kessler.com\/wp-content\/uploads\/2021\/12\/Radisson-Blu-Hotel-Lucerne-Switzerland-LUCE-restaurant-1024x319.png\" alt=\"Radisson Blu Hotel Lucerne Switzerland LUCE restaurant\" height=\"319\" width=\"1024\" title=\"Radisson Blu Hotel Lucerne Switzerland LUCE restaurant\" onerror=\"this.style.display='none'\" loading=\"lazy\" \/>\n\t\t\t\t<\/a>\n\t<\/figure>\n<figure itemscope itemtype=\"https:\/\/schema.org\/ImageObject\">\n\t\t\t\t<a href=\"https:\/\/www.victorinox.com\/ch\/en\"  target=\"_blank\" rel=\"noopener\"  itemprop=\"url\">\n\t\t\t\t<img decoding=\"async\" src=\"https:\/\/erica-kessler.com\/wp-content\/uploads\/2021\/01\/Victorinox-300x188.jpg\" alt=\"VX_LogoDev_bt0_rdl\" height=\"188\" width=\"300\" title=\"VX_LogoDev_bt0_rdl\" onerror=\"this.style.display='none'\" loading=\"lazy\" \/>\n\t\t\t\t<\/a>\n\t<\/figure>\n\n<div class=\"shariff shariff-align-left shariff-widget-align-left\"><ul class=\"shariff-buttons theme-default orientation-horizontal buttonsize-medium\"><li class=\"shariff-button linkedin shariff-nocustomcolor\" style=\"background-color:#1488bf\"><a href=\"https:\/\/www.linkedin.com\/sharing\/share-offsite\/?url=https%3A%2F%2Ferica-kessler.com%2Fde%2F\" title=\"Share on LinkedIn\" aria-label=\"Share on LinkedIn\" role=\"button\" rel=\"noopener nofollow\" class=\"shariff-link\" style=\"; background-color:#0077b5; color:#fff\" target=\"_blank\"><span class=\"shariff-icon\" style=\"\"><svg width=\"32px\" height=\"20px\" xmlns=\"http:\/\/www.w3.org\/2000\/svg\" viewbox=\"0 0 27 32\"><path fill=\"#0077b5\" d=\"M6.2 11.2v17.7h-5.9v-17.7h5.9zM6.6 5.7q0 1.3-0.9 2.2t-2.4 0.9h0q-1.5 0-2.4-0.9t-0.9-2.2 0.9-2.2 2.4-0.9 2.4 0.9 0.9 2.2zM27.4 18.7v10.1h-5.9v-9.5q0-1.9-0.7-2.9t-2.3-1.1q-1.1 0-1.9 0.6t-1.2 1.5q-0.2 0.5-0.2 1.4v9.9h-5.9q0-7.1 0-11.6t0-5.3l0-0.9h5.9v2.6h0q0.4-0.6 0.7-1t1-0.9 1.6-0.8 2-0.3q3 0 4.9 2t1.9 6z\"\/><\/svg><\/span><span class=\"shariff-text\">share<\/span>&nbsp;<\/a><\/li><\/ul><\/div>","protected":false},"excerpt":{"rendered":"<p>Hi I&#8217;m Erica Kessler A Linkedin Strategist, Trainer, Consultant, Lecturer and Speaker &#038; Career Coach since 2015 I&#8217;m a native of Zurich, Switzerland, and I founded Social Media Leaders GmbH. It&#8217;s my passion to inspire and educate individuals, teams, organizations and universities to achieve their goals. As a speaker I share inspirational talks, educational presentations&hellip;<\/p>","protected":false},"author":1,"featured_media":1215,"parent":0,"menu_order":0,"comment_status":"closed","ping_status":"closed","template":"","meta":{"_acf_changed":false,"footnotes":""},"class_list":["post-2","page","type-page","status-publish","has-post-thumbnail","hentry"],"acf":[],"yoast_head":"<!-- This site is optimized with the Yoast SEO plugin v27.4 - https:\/\/yoast.com\/product\/yoast-seo-wordpress\/ -->\n<title>Customized Premium Linkedin Training - Premium Linkedin Training to stand out with your personal profile and company page<\/title>\n<meta name=\"description\" content=\"I empower CEOs, executives and organizations to be Leaders on Linkedin. Premium high-end customized Linkedin Training, Lecturing and Speaking.\" \/>\n<meta name=\"robots\" content=\"index, follow, max-snippet:-1, max-image-preview:large, max-video-preview:-1\" \/>\n<link rel=\"canonical\" href=\"https:\/\/erica-kessler.com\/de\/\" \/>\n<meta property=\"og:locale\" content=\"de_DE\" \/>\n<meta property=\"og:type\" content=\"article\" \/>\n<meta property=\"og:title\" content=\"Erica Kessler - Linkedin Strategist, Trainer, Lecturer and Speaker\" \/>\n<meta property=\"og:description\" content=\"I empower professionals and organizations with high-end customized Linkedin Training to achieve their goals.\" \/>\n<meta property=\"og:url\" content=\"https:\/\/erica-kessler.com\/de\/\" \/>\n<meta property=\"og:site_name\" content=\"Erica Kessler\" \/>\n<meta property=\"article:modified_time\" content=\"2026-02-02T14:08:49+00:00\" \/>\n<meta property=\"og:image\" content=\"https:\/\/erica-kessler.com\/wp-content\/uploads\/2023\/03\/erica-kessler-linkedin-trainer-coach-lecturer-speaker-for-leader.jpg\" \/>\n\t<meta property=\"og:image:width\" content=\"261\" \/>\n\t<meta property=\"og:image:height\" content=\"261\" \/>\n\t<meta property=\"og:image:type\" content=\"image\/jpeg\" \/>\n<meta name=\"twitter:label1\" content=\"Gesch\u00e4tzte Lesezeit\" \/>\n\t<meta name=\"twitter:data1\" content=\"4\u00a0Minuten\" \/>\n<!-- \/ Yoast SEO plugin. -->","yoast_head_json":{"title":"Customized Premium Linkedin Training - Premium Linkedin Training to stand out with your personal profile and company page","description":"I empower CEOs, executives and organizations to be Leaders on Linkedin. Premium high-end customized Linkedin Training, Lecturing and Speaking.","robots":{"index":"index","follow":"follow","max-snippet":"max-snippet:-1","max-image-preview":"max-image-preview:large","max-video-preview":"max-video-preview:-1"},"canonical":"https:\/\/erica-kessler.com\/de\/","og_locale":"de_DE","og_type":"article","og_title":"Erica Kessler - Linkedin Strategist, Trainer, Lecturer and Speaker","og_description":"I empower professionals and organizations with high-end customized Linkedin Training to achieve their goals.","og_url":"https:\/\/erica-kessler.com\/de\/","og_site_name":"Erica Kessler","article_modified_time":"2026-02-02T14:08:49+00:00","og_image":[{"width":261,"height":261,"url":"https:\/\/erica-kessler.com\/wp-content\/uploads\/2023\/03\/erica-kessler-linkedin-trainer-coach-lecturer-speaker-for-leader.jpg","type":"image\/jpeg"}],"twitter_misc":{"Gesch\u00e4tzte Lesezeit":"4\u00a0Minuten"},"schema":{"@context":"https:\/\/schema.org","@graph":[{"@type":"WebPage","@id":"https:\/\/erica-kessler.com\/","url":"https:\/\/erica-kessler.com\/","name":"Customized Premium Linkedin Training - Premium Linkedin Training to stand out with your personal profile and company page","isPartOf":{"@id":"https:\/\/erica-kessler.com\/#website"},"primaryImageOfPage":{"@id":"https:\/\/erica-kessler.com\/#primaryimage"},"image":{"@id":"https:\/\/erica-kessler.com\/#primaryimage"},"thumbnailUrl":"https:\/\/erica-kessler.com\/wp-content\/uploads\/2023\/03\/erica-kessler-linkedin-trainer-coach-lecturer-speaker-for-leader.jpg","datePublished":"2020-02-10T12:19:28+00:00","dateModified":"2026-02-02T14:08:49+00:00","description":"I empower CEOs, executives and organizations to be Leaders on Linkedin. Premium high-end customized Linkedin Training, Lecturing and Speaking.","breadcrumb":{"@id":"https:\/\/erica-kessler.com\/#breadcrumb"},"inLanguage":"de","potentialAction":[{"@type":"ReadAction","target":["https:\/\/erica-kessler.com\/"]}]},{"@type":"ImageObject","inLanguage":"de","@id":"https:\/\/erica-kessler.com\/#primaryimage","url":"https:\/\/erica-kessler.com\/wp-content\/uploads\/2023\/03\/erica-kessler-linkedin-trainer-coach-lecturer-speaker-for-leader.jpg","contentUrl":"https:\/\/erica-kessler.com\/wp-content\/uploads\/2023\/03\/erica-kessler-linkedin-trainer-coach-lecturer-speaker-for-leader.jpg","width":261,"height":261},{"@type":"BreadcrumbList","@id":"https:\/\/erica-kessler.com\/#breadcrumb","itemListElement":[{"@type":"ListItem","position":1,"name":"Home","item":"https:\/\/erica-kessler.com\/"},{"@type":"ListItem","position":2,"name":"Customized Premium Linkedin Training"}]},{"@type":"WebSite","@id":"https:\/\/erica-kessler.com\/#website","url":"https:\/\/erica-kessler.com\/","name":"Erica Kessler","description":"Erica Kessler is a Linkedin Trainer, Lecturer and Speaker","potentialAction":[{"@type":"SearchAction","target":{"@type":"EntryPoint","urlTemplate":"https:\/\/erica-kessler.com\/?s={search_term_string}"},"query-input":{"@type":"PropertyValueSpecification","valueRequired":true,"valueName":"search_term_string"}}],"inLanguage":"de"}]}},"_links":{"self":[{"href":"https:\/\/erica-kessler.com\/de\/wp-json\/wp\/v2\/pages\/2","targetHints":{"allow":["GET"]}}],"collection":[{"href":"https:\/\/erica-kessler.com\/de\/wp-json\/wp\/v2\/pages"}],"about":[{"href":"https:\/\/erica-kessler.com\/de\/wp-json\/wp\/v2\/types\/page"}],"author":[{"embeddable":true,"href":"https:\/\/erica-kessler.com\/de\/wp-json\/wp\/v2\/users\/1"}],"replies":[{"embeddable":true,"href":"https:\/\/erica-kessler.com\/de\/wp-json\/wp\/v2\/comments?post=2"}],"version-history":[{"count":11,"href":"https:\/\/erica-kessler.com\/de\/wp-json\/wp\/v2\/pages\/2\/revisions"}],"predecessor-version":[{"id":1979,"href":"https:\/\/erica-kessler.com\/de\/wp-json\/wp\/v2\/pages\/2\/revisions\/1979"}],"wp:featuredmedia":[{"embeddable":true,"href":"https:\/\/erica-kessler.com\/de\/wp-json\/wp\/v2\/media\/1215"}],"wp:attachment":[{"href":"https:\/\/erica-kessler.com\/de\/wp-json\/wp\/v2\/media?parent=2"}],"curies":[{"name":"wp","href":"https:\/\/api.w.org\/{rel}","templated":true}]}}