{"id":19,"date":"2020-02-10T19:08:21","date_gmt":"2020-02-10T19:08:21","guid":{"rendered":"https:\/\/erica-kessler.com\/?page_id=19"},"modified":"2025-09-30T08:45:47","modified_gmt":"2025-09-30T06:45:47","slug":"testimonials","status":"publish","type":"page","link":"https:\/\/erica-kessler.com\/de\/testimonials\/","title":{"rendered":"Testimonials"},"content":{"rendered":"<h3>\n\t\t\tEinige meiner zufriedenen Kunden\t<\/h3>\n\t<h3>Meine Kunden haben ihre Ziele erreicht<\/h3>\n\t\t\t\t<a href=\"https:\/\/www.swisscom.ch\/en\/about\/company\/governance\/groupexecutiveboard\/members\/christoph-aeschlimann.html\"  target=\"_blank\" rel=\"noopener\"  itemprop=\"url\">\n\t\t\t\t<img decoding=\"async\" src=\"https:\/\/erica-kessler.com\/wp-content\/uploads\/2020\/08\/Swisscom-300x117.jpg\" alt=\"Swisscom\" itemprop=\"image\" height=\"117\" width=\"300\" title=\"Swisscom\" onerror=\"this.style.display='none'\" loading=\"lazy\" \/>\n\t\t\t\t<\/a>\n\t\t\t\t<a href=\"https:\/\/www.lukb.ch\"  target=\"_blank\" rel=\"noopener\"  itemprop=\"url\">\n\t\t\t\t<img decoding=\"async\" src=\"https:\/\/erica-kessler.com\/wp-content\/uploads\/2025\/09\/Luzerner-Kantonalbank-LUKB.jpg\" alt=\"Luzerner Kantonalbank LUKB\" itemprop=\"image\" height=\"287\" width=\"1445\" title=\"Luzerner Kantonalbank LUKB\" onerror=\"this.style.display='none'\" loading=\"lazy\" \/>\n\t\t\t\t<\/a>\n\t\t\t\t<a href=\"https:\/\/www.pilatus-aircraft.com\"  target=\"_blank\" rel=\"noopener\"  itemprop=\"url\">\n\t\t\t\t<img decoding=\"async\" src=\"https:\/\/erica-kessler.com\/wp-content\/uploads\/2022\/12\/Pilatus-Aircraft-Ltd.png\" alt=\"Pilatus Aircraft Ltd\" itemprop=\"image\" height=\"66\" width=\"576\" title=\"Pilatus Aircraft Ltd\" onerror=\"this.style.display='none'\" loading=\"lazy\" \/>\n\t\t\t\t<\/a>\n\t\t\t\t<a href=\"https:\/\/www.econ.uzh.ch\/en.html\"  target=\"_blank\" rel=\"noopener\"  itemprop=\"url\">\n\t\t\t\t<img decoding=\"async\" src=\"https:\/\/erica-kessler.com\/wp-content\/uploads\/2025\/07\/University-of-Zurich-Departement-of-Economics.png\" alt=\"University of Zurich Departement of Economics\" itemprop=\"image\" height=\"520\" width=\"1128\" title=\"University of Zurich Departement of Economics\" onerror=\"this.style.display='none'\" loading=\"lazy\" \/>\n\t\t\t\t<\/a>\n\t\t\t\t<a href=\"https:\/\/www.dallmayr.com\/ch\/automaten\/\"  target=\"_blank\" rel=\"noopener\"  itemprop=\"url\">\n\t\t\t\t<img decoding=\"async\" src=\"https:\/\/erica-kessler.com\/wp-content\/uploads\/2023\/08\/VendingOffice_1c_SCHWARZ-1024x811.jpg\" alt=\"Vending+Office_1c_SCHWARZ\" itemprop=\"image\" height=\"811\" width=\"1024\" title=\"Vending+Office_1c_SCHWARZ\" onerror=\"this.style.display='none'\" loading=\"lazy\" \/>\n\t\t\t\t<\/a>\n\t\t\t\t<a href=\"https:\/\/www.victorinox.com\/ch\/en\"  target=\"_blank\" rel=\"noopener\"  itemprop=\"url\">\n\t\t\t\t<img decoding=\"async\" src=\"https:\/\/erica-kessler.com\/wp-content\/uploads\/2021\/01\/Victorinox-300x188.jpg\" alt=\"VX_LogoDev_bt0_rdl\" itemprop=\"image\" height=\"188\" width=\"300\" title=\"VX_LogoDev_bt0_rdl\" onerror=\"this.style.display='none'\" loading=\"lazy\" \/>\n\t\t\t\t<\/a>\n\t\t\t\t<a href=\"https:\/\/www.careerservices.uzh.ch\/en.html\"  target=\"_self\" itemprop=\"url\">\n\t\t\t\t<img decoding=\"async\" src=\"https:\/\/erica-kessler.com\/wp-content\/uploads\/2020\/12\/University-of-Zurich-Career-Services.png\" alt=\"Universit\u00e4t Z\u00fcrich\" itemprop=\"image\" height=\"283\" width=\"591\" title=\"Career Services der Universit\u00e4t Z\u00fcrich\" onerror=\"this.style.display='none'\" loading=\"lazy\" \/>\n\t\t\t\t<\/a>\n<h1>\n\t\t\tWas einige meiner Kunden sagen\t<\/h1>\n\t\t\t<img decoding=\"async\" src=\"https:\/\/erica-kessler.com\/wp-content\/uploads\/2025\/09\/Luzerner-Kantonalbank-LUKB.jpg\" alt=\"Luzerner Kantonalbank LUKB\" \/>\n\t\t\t\t\t\t\t\t\t\t<h2>Lena Martschenko<\/h2>\n\t\t\t\t\t\t<h3><b>Head Marketing | CMO<\/b><\/h3>\n<p>Ich hatte das Vergn\u00fcgen, mit Erica Kessler bei LinkedIn-Schulungen sowohl bei Hilti Schweiz AG als auch bei der Luzerner Kantonalbank AG zusammenzuarbeiten. Erica verf\u00fcgt \u00fcber herausragende Fachkenntnisse in Sachen LinkedIn-Strategie und versteht es, komplexes Wissen klar und verst\u00e4ndlich zu vermitteln. W\u00e4hrend der Schulungen gelang es ihr, in kurzer Zeit eine F\u00fclle wertvoller Erkenntnisse aufzuzeigen und unseren F\u00fchrungsteams praktische Tipps und Strategien zur St\u00e4rkung ihrer professionellen Positionierung auf LinkedIn zu geben. Was Erica auszeichnet, ist nicht nur ihr fundiertes Wissen, sondern auch ihre F\u00e4higkeit, die Inhalte auf die spezifischen Bed\u00fcrfnisse von F\u00fchrungskr\u00e4ften zuzuschneiden. Sie schafft eine offene, motivierende Lernumgebung, welche die Teilnehmenden dazu ermutigt, sich aktiv einzubringen und das Gelernte sofort anzuwenden. Ihre Professionalit\u00e4t, Klarheit und ihr praxisorientierter Ansatz machten die Schulungen \u00e4usserst wirkungsvoll und relevant. Ich kann Erica jeder Organisation w\u00e4rmstens empfehlen, die ihre Pr\u00e4senz und Effektivit\u00e4t auf LinkedIn steigern m\u00f6chte.<\/p>\n\t\t\t<img decoding=\"async\" src=\"https:\/\/erica-kessler.com\/wp-content\/uploads\/2020\/08\/Swisscom.jpg\" alt=\"Swisscom\" \/>\n\t\t\t\t\t\t\t\t\t\t<h2>Christoph Aeschlimann<\/h2>\n\t\t\t\t\t\t<h3><b>CEO<\/b><\/h3>\n<p>I successfully completed several tailor-made training sessions with Erica Kessler. They were always adapted to my needs, very informative and goal-oriented. Thanks to Erica&#8217;s wide experience, her insights and tips, I was able to optimize my Linkedin presence. It helped me gain more reach and visibility. I would therefore recommend Erica Kessler&#8217;s training to anyone eager to improve their Linkedin presence.<\/p>\n\t\t\t<img decoding=\"async\" src=\"https:\/\/erica-kessler.com\/wp-content\/uploads\/2022\/12\/Pilatus-Aircraft-Ltd.png\" alt=\"Pilatus Aircraft Ltd\" \/>\n\t\t\t\t\t\t\t\t\t\t<h2>Roger Sutter<\/h2>\n\t\t\t\t\t\t<h3><b>Director Human Resources, Pilatus Flugzeugwerke AG<\/b><\/h3>\n<p>Erica Kessler supported our managers and HR in optimising their profiles in terms of talent acquisition and sharing the appropriate content. Already in the preparation phase, she convinced us with her customer-oriented, flexible and reliable manner. She made the trainings lively and shared her know-how in a motivating way. Thanks to Erica Kessler&#8217;s many years of experience, we have gained more visibility, reach and professionalism on Linkedin. We thank her for the good cooperation.<\/p>\n\t\t\t<img decoding=\"async\" src=\"https:\/\/erica-kessler.com\/wp-content\/uploads\/2021\/01\/Victorinox-2.jpg\" alt=\"VX_LogoDev_bt0_rdl\" \/>\n\t\t\t\t\t\t\t\t\t\t<h2>Nina Finkbohner<\/h2>\n\t\t\t\t\t\t<h3><b>Globale PR Managerin<\/b><\/h3>\n<p>Ms. Kessler has a profound passion for and knowledge about Linkedin. She supported us in improving the Victorinox presence on Linkedin, by advising us on how to present content effectively on the company Linkedin site, showing us tips &#038; tricks to enhance personal profiles and also by providing strategic advise on how to move forward. Further, she held an initial workshop for our &#8220;corporate ambassadors&#8221;, which was well received. She is very reliable, and well structured and organized. With her cheerful personality and friendly manners she is pleasant to work with and her services come in a worry-free package. Thus we can thoroughly recommend her services.<\/p>\n\t\t\t<img decoding=\"async\" src=\"https:\/\/erica-kessler.com\/wp-content\/uploads\/2020\/08\/Swisscom.jpg\" alt=\"Swisscom\" \/>\n\t\t\t\t\t\t\t\t\t\t<h2>Roger Baur<\/h2>\n\t\t\t\t\t\t<h3><b>Chef vom Dienst \/ Verantwortlicher Social Media Swisscom Newsroom<\/b><\/h3>\n<p>Erica Kessler hat uns beraten und begleitet f\u00fcr den Relaunch unserer Linkedin Unternehmensseite. Sie unterst\u00fctzte uns auch bei Schulungen von internen Influencern und erm\u00f6glichte so, Linkedin nicht einfach als einen sendenden Kanal, sondern als sprechendes Netzwerk zu etablieren. Sie versorgte uns daf\u00fcr mit den n\u00f6tigen Insights, um uns den sich st\u00e4ndig ver\u00e4ndernden Anforderungen der Algorithmen anzupassen. Kurz: Erica versteht ihr Handwerk, die Zusammenarbeit mit ihr ist immer sehr inspirierend.<\/p>\n\t\t\t<img decoding=\"async\" src=\"https:\/\/erica-kessler.com\/wp-content\/uploads\/2020\/08\/Swisscom.jpg\" alt=\"Swisscom\" \/>\n\t\t\t\t\t\t\t\t\t\t<h2>David Luyet<\/h2>\n\t\t\t\t\t\t<h3><b>Head Sourcing &#038; Attraction<br \/>\n<\/b><\/h3>\n<p>Erica Kessler hat mich und meine Mitarbeitenden in der Nutzung von Linkedin intensiv geschult und ihre Expertise weitergegeben. Dies umfasst das Optimieren von pers\u00f6nlichen Linkedin-Profilen mit Fokus auf Talentgewinnung sowie die Erstellung von Content f\u00fcr die Swisscom Unternehmensseite. Sie schafft es, die Begeisterung f\u00fcr die strategische Linkedin-Nutzung zu wecken und motiviert uns, Beitr\u00e4ge zu verfassen, welche f\u00fcr die Talentgewinnung Mehrwert schaffen. Ich kann mit Bestimmtheit sagen, dass wir Linkedin viel bewusster, intensiver und erfolgreicher nutzen. Herzlichen Dank daf\u00fcr!<\/p>\n\t\t\t<img decoding=\"async\" src=\"https:\/\/erica-kessler.com\/wp-content\/uploads\/2025\/07\/University-of-Zurich-Departement-of-Economics.png\" alt=\"University of Zurich Departement of Economics\" \/>\n\t\t\t\t\t\t\t\t\t\t<h2>Solenn Le Goff<\/h2>\n\t\t\t\t\t\t<h3><b>Communications Manager<\/b><\/h3>\n<p>Thanks to her many years of experience in advising universities, Ms. Kessler was able to quickly and effectively address our needs. It was important to us to offer a professional and structured Linkedin presence for our various target groups. Thanks to her tips and tricks we were able to achieve a rapid increase in our followers number and engagement. We also greatly appreciated her expertise and friendly manner. Ms. Kessler&#8217;s advice definitely had an excellent ROI!<\/p>\n\t\t\t<img decoding=\"async\" src=\"https:\/\/erica-kessler.com\/wp-content\/uploads\/2023\/08\/VendingOffice_1c_SCHWARZ.jpg\" alt=\"Vending+Office_1c_SCHWARZ\" \/>\n\t\t\t\t\t\t\t\t\t\t<h2>Adrian Rentsch<\/h2>\n\t\t\t\t\t\t<h3><b>CEO<\/b><\/h3>\n<p>We engaged Erica&#8217;s skills to train our managers in the use of Linkedin. We enjoyed Erica&#8217;s interactive training and benefited from her experience. Erica adapts easily to the level of each participant and enables all participants to progress. Erica continues to support her clients after passing on her knowledge. She gives feedback on the Linkedin activities of the company and enables us to continue to improve. I can recommend Erica to any company wishing to strengthen and professionalise its presence on Linkedin, and also to any CEO for whom active communication on LinkedIn is important and desirable.<\/p>\n\t\t\t<img decoding=\"async\" src=\"https:\/\/erica-kessler.com\/wp-content\/uploads\/2023\/08\/VendingOffice_1c_SCHWARZ.jpg\" alt=\"Vending+Office_1c_SCHWARZ\" \/>\n\t\t\t\t\t\t\t\t\t\t<h2>Adrian Rentsch<\/h2>\n\t\t\t\t\t\t<h3><b>CEO<\/b><\/h3>\n<p>We engaged Erica&#8217;s skills to train our managers in the use of Linkedin. We enjoyed Erica&#8217;s interactive training and benefited from her experience. Erica adapts easily to the level of each participant and enables all participants to progress. Erica continues to support her clients after passing on her knowledge. She gives feedback on the Linkedin activities of the company and enables us to continue to improve. I can recommend Erica to any company wishing to strengthen and professionalise its presence on Linkedin, and also to any CEO for whom active communication on LinkedIn is important and desirable.<\/p>\n\t\t\t<img decoding=\"async\" src=\"https:\/\/erica-kessler.com\/wp-content\/uploads\/2025\/06\/Reto-Mettler-Leiter-Gastronomie-Hotellerie-Linkedin-Testimonial.jpg\" alt=\"Reto Mettler Leiter Gastronomie &amp; Hotellerie Linkedin Testimonial\" \/>\n\t\t\t\t\t\t\t\t\t\t<h2>Adrian Rentsch<\/h2>\n\t\t\t\t\t\t<h3><b>Head of<\/b>Gastronomy &#038; Hotels (Member of the Executive Board), Schilthornbahn AG<\/h3>\n<p>I worked with Erica Kessler to develop my Linkedin profile and a tailored content strategy. I can confidently recommend her work.\u2028 Erica has a keen sense for personalities. With a lot of empathy, inspiration and professionalism, she supported me to strongly position myself with my profile, strategically aligning my content and presenting my expertise in a way that generates an impact. Thanks to her support, I now have a much clearer profile, greater visibility and increased engagement as well as a growing network. One concrete success: Through my optimized profile, I secured my new role at Schilthornbahn AG. It&#8217;s a great example of what&#8217;s possible when positioning and presence are aligned. \u2028I was particularly impressed by Erica&#8217;s ability to listen, get to the point quickly and always interact as an equal partner. Anyone looking to shape their Linkedin positioning consciously and authentically is in the best hands with Erica.<\/p>\n\t\t\t<img decoding=\"async\" src=\"https:\/\/erica-kessler.com\/wp-content\/uploads\/2025\/06\/Reto-Mettler-Leiter-Gastronomie-Hotellerie-Linkedin-Testimonial.jpg\" alt=\"Reto Mettler Leiter Gastronomie &amp; Hotellerie Linkedin Testimonial\" \/>\n\t\t\t\t\t\t\t\t\t\t<h2>Adrian Rentsch<\/h2>\n\t\t\t\t\t\t<h3><b>Head of<\/b>Gastronomy &amp; Hotels (Member of the Executive Board), Schilthornbahn AG<\/h3><p>I worked with Erica Kessler to develop my Linkedin profile and a tailored content strategy. I can confidently recommend her work.\u2028 Erica has a keen sense for personalities. With a lot of empathy, inspiration and professionalism, she supported me to strongly position myself with my profile, strategically aligning my content and presenting my expertise in a way that generates an impact. Thanks to her support, I now have a much clearer profile, greater visibility and increased engagement as well as a growing network. One concrete success: Through my optimized profile, I secured my new role at Schilthornbahn AG. It&#8217;s a great example of what&#8217;s possible when positioning and presence are aligned. \u2028I was particularly impressed by Erica&#8217;s ability to listen, get to the point quickly and always interact as an equal partner. Anyone looking to shape their Linkedin positioning consciously and authentically is in the best hands with Erica.<\/p>\n\t\t\t<img decoding=\"async\" src=\"https:\/\/erica-kessler.com\/wp-content\/uploads\/2025\/09\/Radisson-Blu-Hotel-Lucerne-Switzerland-LUCE-restaurant-300x94-1.png\" alt=\"Radisson-Blu-Hotel-Lucerne-Switzerland-LUCE-restaurant-300x94\" \/>\n\t\t\t\t\t\t\t\t\t\t<h2>Markus Conzelmann<\/h2>\n\t\t\t\t\t\t<h3><b>General Manager RadissonBlu Hotel, Lucerne<\/b><\/h3>\n<p>I&#8217;ve been working with Erica for half a year now and I am highly impressed by her knowledge of Linkedin and her professionalism. Together we completed my personal profile where I positioned myself strategically. She taught me how to write good content from which I already see results, such as growing my network with industry experts. Her advice and support for my Sales and Marketing team has been excellent, helping us improve our understanding of Linkedin for sales, improving our profiles, and helping us focus our time and attention on Linkedin related activities that move each person forward and help us achieve our goals. Erica has not only a wealth of specialist knowledge that she uses to enhance and develop your Linkedin presence, but she is also highly efficient, a quick worker and an absolute motivator to have fun to create professional content. I now have a much better understanding of Linkedin, a much clearer profile and an improved personal branding. I highly recommend Erica&#8217;s Linkedin Training.<\/p>\n\t\t\t<img decoding=\"async\" src=\"https:\/\/erica-kessler.com\/wp-content\/uploads\/2020\/05\/altra-schaffhausen_svenst\u00fcckmann-Sales-Marketing-und-Communication-Manager-.jpg\" alt=\"altra schaffhausen_svenst\u00fcckmann Sales, Marketing und Communication Manager\" \/>\n\t\t\t\t\t\t\t\t\t\t<h2>Sven St\u00fcckmann<\/h2>\n\t\t\t\t\t\t<h3><b>Leiter Marketing, Kommunikation und Verkauf. Mitglied der Gesch\u00e4ftsleitung. altra schaffhausen<\/b><\/h3>\n<p>Ich traf Erica Kessler im August 2018 auf der SuisseEMEX in Z\u00fcrich, wo sie einen inspirierenden Vortrag dar\u00fcber hielt, wie Unternehmen Linkedin als strategisches Gesch\u00e4ftsinstrument nutzen k\u00f6nnen. Ich war beeindruckt von ihrer Professionalit\u00e4t und ihren klaren Argumenten f\u00fcr die regelm\u00e4ssige Nutzung von Linkedin. altra schaffhausen hat ein Business-Paket gebucht, um sein Linkedin-Unternehmensprofil zu verbessern und seine Sichtbarkeit zu erh\u00f6hen. Ich begann, strategische Linkedin-Artikel zu schreiben, um altra schaffhausen und mich selbst f\u00fcr potenzielle Neukunden und Talente sichtbarer zu positionieren. Innerhalb von nur 17 Monaten, nachdem wir begonnen hatten, Linkedin professionell und regelm\u00e4ssig zu nutzen, konnten wir unsere Reichweite deutlich erh\u00f6hen, wertvolle Follower gewinnen, und Talente erhielten einen vertieften Einblick in unser Unternehmen. Wir bekamen auch positive R\u00fcckmeldungen zur Authentizit\u00e4t unseres geposteten Content-Marketing-Mix und unseres Linkedin-Unternehmensprofils. Erica Kessler ist immer f\u00fcr uns da, wenn wir irgendwelche Fragen zu Linkedin haben. Wer seine Social-Media-Pr\u00e4senz auf Linkedin professionell und nachhaltig verbessern m\u00f6chte, ist bei Erica an der richtigen Adresse. Ich kann sie sehr empfehlen. Herzlichen Dank, Erica Kessler.<\/p>\n\t<!-- \/.pp-testimonials -->\n\t\t\t<a href=\"https:\/\/erica-kessler.com\/de\/contact\/\" target=\"_blank\" rel=\"noopener\">\n\t\t\t\t\t\t\tKontaktieren Sie mich, um Ihre Bed\u00fcrfnisse zu besprechen\n\t\t\t\t\t<\/a>\n<h3>\n\t\t\tKunden Erfolgsgeschichten \t<\/h3>\n\t\t\t\t<img decoding=\"async\" src=\"https:\/\/erica-kessler.com\/wp-content\/uploads\/2024\/09\/Linkedin-ist-wie-die-reale-Welt.-Success-Story.-Swisscom-und-Social-Media-Leaders-GmbH.png\" alt=\"Linkedin ist wie die reale Welt. Success Story. Swisscom und Social Media Leaders GmbH\" itemprop=\"image\" height=\"1080\" width=\"1920\" title=\"Linkedin ist wie die reale Welt. Success Story. Swisscom und Social Media Leaders GmbH\" onerror=\"this.style.display='none'\" loading=\"lazy\" \/>\n\t<p><strong>Artikel:<\/strong><\/p>\n<ul>\n<li>Linkedin ist wie die reale Welt &#8211; man kann hier als Swisscom nicht nur vor sich hinreden. Zuh\u00f6ren und mitdiskutieren sind ebenso wichtig: <strong><a href=\"https:\/\/erica-kessler.com\/de\/2024\/09\/17\/linkedin-ist-wie-die-reale-welt-man-kann-hier-als-swisscom-nicht-nur-vor-sich-hinreden-zuhoren-und-mitdiskutieren-sind-ebenso-wichtig\/\" target=\"_blank\" rel=\"noopener\">Link<\/a><\/strong><\/li>\n<\/ul>\n\t\t\t\t<img decoding=\"async\" src=\"https:\/\/erica-kessler.com\/wp-content\/uploads\/2025\/03\/David-Luyet-Head-Attraction-Sourcing-Swisscom-Schweiz-AG-im-Gesprach-mit-Erica-Kessler-Linkedin-Stragegin-und-Trainerin.png\" alt=\"David Luyet, Head Attraction &amp; Sourcing, Swisscom Schweiz AG im Gespr\u00e4ch mit Erica Kessler Linkedin Stragegin und Trainerin.\" itemprop=\"image\" height=\"1080\" width=\"1920\" title=\"David Luyet, Head Attraction &amp; Sourcing, Swisscom Schweiz AG im Gespr\u00e4ch mit Erica Kessler Linkedin Stragegin und Trainerin.\" onerror=\"this.style.display='none'\" loading=\"lazy\" \/>\n\t<p><strong>Artikel:<\/strong><\/p>\n<ul>\n<li>Wie Swisscom mit Linkedin erfolgreich Talente gewinnt:\u00a0<strong><a href=\"https:\/\/www.swisscom.ch\/de\/about\/karriere\/getit\/worklife\/swisscom-job-mit-cleverem-linkedin-marketing-mehr-talente-im-it-bereich-anziehen.html\" target=\"_blank\" rel=\"noopener\">Link<\/a><\/strong><\/li>\n<li>David Luyet, Head Attraction &amp; Sourcing, im Gespr\u00e4ch mit Erica Kessler<\/li>\n<\/ul>\n\n<div class=\"shariff shariff-align-left shariff-widget-align-left\"><ul class=\"shariff-buttons theme-default orientation-horizontal buttonsize-medium\"><li class=\"shariff-button linkedin shariff-nocustomcolor\" style=\"background-color:#1488bf\"><a href=\"https:\/\/www.linkedin.com\/sharing\/share-offsite\/?url=https%3A%2F%2Ferica-kessler.com%2Fde%2Ftestimonials%2F\" title=\"Share on LinkedIn\" aria-label=\"Share on LinkedIn\" role=\"button\" rel=\"noopener nofollow\" class=\"shariff-link\" style=\"; background-color:#0077b5; color:#fff\" target=\"_blank\"><span class=\"shariff-icon\" style=\"\"><svg width=\"32px\" height=\"20px\" xmlns=\"http:\/\/www.w3.org\/2000\/svg\" viewbox=\"0 0 27 32\"><path fill=\"#0077b5\" d=\"M6.2 11.2v17.7h-5.9v-17.7h5.9zM6.6 5.7q0 1.3-0.9 2.2t-2.4 0.9h0q-1.5 0-2.4-0.9t-0.9-2.2 0.9-2.2 2.4-0.9 2.4 0.9 0.9 2.2zM27.4 18.7v10.1h-5.9v-9.5q0-1.9-0.7-2.9t-2.3-1.1q-1.1 0-1.9 0.6t-1.2 1.5q-0.2 0.5-0.2 1.4v9.9h-5.9q0-7.1 0-11.6t0-5.3l0-0.9h5.9v2.6h0q0.4-0.6 0.7-1t1-0.9 1.6-0.8 2-0.3q3 0 4.9 2t1.9 6z\"\/><\/svg><\/span><span class=\"shariff-text\">share<\/span>&nbsp;<\/a><\/li><\/ul><\/div>","protected":false},"excerpt":{"rendered":"<p>Some of My Satisfied Clients My clients achieved their goals What some of my clients say Lena Martschenko Head Marketing | CMO I had the pleasure of working with Erica Kessler on LinkedIn training sessions both at Hilti Switzerland and at Luzerner Kantonalbank. Erica brings outstanding expertise in LinkedIn strategy and knows how to convey&hellip;<\/p>","protected":false},"author":1,"featured_media":0,"parent":0,"menu_order":0,"comment_status":"closed","ping_status":"closed","template":"","meta":{"_acf_changed":false,"footnotes":""},"class_list":["post-19","page","type-page","status-publish","hentry"],"acf":[],"yoast_head":"<!-- This site is optimized with the Yoast SEO plugin v27.4 - https:\/\/yoast.com\/product\/yoast-seo-wordpress\/ -->\n<title>Testimonials - Erica Kessler<\/title>\n<meta name=\"description\" content=\"Client&#039;s testimonials. What my global clients say about my Linkedin training, lecturing and speaking.\" \/>\n<meta name=\"robots\" content=\"index, follow, max-snippet:-1, max-image-preview:large, max-video-preview:-1\" \/>\n<link rel=\"canonical\" href=\"https:\/\/erica-kessler.com\/de\/testimonials\/\" \/>\n<meta property=\"og:locale\" content=\"de_DE\" \/>\n<meta property=\"og:type\" content=\"article\" \/>\n<meta property=\"og:title\" content=\"Testimonials - Erica Kessler\" \/>\n<meta property=\"og:description\" content=\"Client&#039;s testimonials. What my global clients say about my Linkedin training, lecturing and speaking.\" \/>\n<meta property=\"og:url\" content=\"https:\/\/erica-kessler.com\/de\/testimonials\/\" \/>\n<meta property=\"og:site_name\" content=\"Erica Kessler\" \/>\n<meta property=\"article:modified_time\" content=\"2025-09-30T06:45:47+00:00\" \/>\n<meta property=\"og:image\" content=\"https:\/\/erica-kessler.com\/wp-content\/uploads\/2020\/08\/Swisscom-300x117.jpg\" \/>\n<meta name=\"twitter:label1\" content=\"Gesch\u00e4tzte Lesezeit\" \/>\n\t<meta name=\"twitter:data1\" content=\"9\u00a0Minuten\" \/>\n<!-- \/ Yoast SEO plugin. -->","yoast_head_json":{"title":"Testimonials - Erica Kessler","description":"Client's testimonials. What my global clients say about my Linkedin training, lecturing and speaking.","robots":{"index":"index","follow":"follow","max-snippet":"max-snippet:-1","max-image-preview":"max-image-preview:large","max-video-preview":"max-video-preview:-1"},"canonical":"https:\/\/erica-kessler.com\/de\/testimonials\/","og_locale":"de_DE","og_type":"article","og_title":"Testimonials - Erica Kessler","og_description":"Client's testimonials. What my global clients say about my Linkedin training, lecturing and speaking.","og_url":"https:\/\/erica-kessler.com\/de\/testimonials\/","og_site_name":"Erica Kessler","article_modified_time":"2025-09-30T06:45:47+00:00","og_image":[{"url":"https:\/\/erica-kessler.com\/wp-content\/uploads\/2020\/08\/Swisscom-300x117.jpg","type":"","width":"","height":""}],"twitter_misc":{"Gesch\u00e4tzte Lesezeit":"9\u00a0Minuten"},"schema":{"@context":"https:\/\/schema.org","@graph":[{"@type":"WebPage","@id":"https:\/\/erica-kessler.com\/testimonials\/","url":"https:\/\/erica-kessler.com\/testimonials\/","name":"Testimonials - Erica Kessler","isPartOf":{"@id":"https:\/\/erica-kessler.com\/#website"},"primaryImageOfPage":{"@id":"https:\/\/erica-kessler.com\/testimonials\/#primaryimage"},"image":{"@id":"https:\/\/erica-kessler.com\/testimonials\/#primaryimage"},"thumbnailUrl":"https:\/\/erica-kessler.com\/wp-content\/uploads\/2020\/08\/Swisscom-300x117.jpg","datePublished":"2020-02-10T19:08:21+00:00","dateModified":"2025-09-30T06:45:47+00:00","description":"Client's testimonials. What my global clients say about my Linkedin training, lecturing and speaking.","breadcrumb":{"@id":"https:\/\/erica-kessler.com\/testimonials\/#breadcrumb"},"inLanguage":"de","potentialAction":[{"@type":"ReadAction","target":["https:\/\/erica-kessler.com\/testimonials\/"]}]},{"@type":"ImageObject","inLanguage":"de","@id":"https:\/\/erica-kessler.com\/testimonials\/#primaryimage","url":"https:\/\/erica-kessler.com\/wp-content\/uploads\/2020\/08\/Swisscom-300x117.jpg","contentUrl":"https:\/\/erica-kessler.com\/wp-content\/uploads\/2020\/08\/Swisscom-300x117.jpg"},{"@type":"BreadcrumbList","@id":"https:\/\/erica-kessler.com\/testimonials\/#breadcrumb","itemListElement":[{"@type":"ListItem","position":1,"name":"Home","item":"https:\/\/erica-kessler.com\/"},{"@type":"ListItem","position":2,"name":"Testimonials"}]},{"@type":"WebSite","@id":"https:\/\/erica-kessler.com\/#website","url":"https:\/\/erica-kessler.com\/","name":"Erica Kessler","description":"Erica Kessler is a Linkedin Trainer, Lecturer and Speaker","potentialAction":[{"@type":"SearchAction","target":{"@type":"EntryPoint","urlTemplate":"https:\/\/erica-kessler.com\/?s={search_term_string}"},"query-input":{"@type":"PropertyValueSpecification","valueRequired":true,"valueName":"search_term_string"}}],"inLanguage":"de"}]}},"_links":{"self":[{"href":"https:\/\/erica-kessler.com\/de\/wp-json\/wp\/v2\/pages\/19","targetHints":{"allow":["GET"]}}],"collection":[{"href":"https:\/\/erica-kessler.com\/de\/wp-json\/wp\/v2\/pages"}],"about":[{"href":"https:\/\/erica-kessler.com\/de\/wp-json\/wp\/v2\/types\/page"}],"author":[{"embeddable":true,"href":"https:\/\/erica-kessler.com\/de\/wp-json\/wp\/v2\/users\/1"}],"replies":[{"embeddable":true,"href":"https:\/\/erica-kessler.com\/de\/wp-json\/wp\/v2\/comments?post=19"}],"version-history":[{"count":57,"href":"https:\/\/erica-kessler.com\/de\/wp-json\/wp\/v2\/pages\/19\/revisions"}],"predecessor-version":[{"id":1951,"href":"https:\/\/erica-kessler.com\/de\/wp-json\/wp\/v2\/pages\/19\/revisions\/1951"}],"wp:attachment":[{"href":"https:\/\/erica-kessler.com\/de\/wp-json\/wp\/v2\/media?parent=19"}],"curies":[{"name":"wp","href":"https:\/\/api.w.org\/{rel}","templated":true}]}}