{"id":1728,"date":"2025-05-08T10:44:12","date_gmt":"2025-05-08T08:44:12","guid":{"rendered":"https:\/\/erica-kessler.com\/?page_id=1728"},"modified":"2026-03-08T14:45:39","modified_gmt":"2026-03-08T13:45:39","slug":"karriere","status":"publish","type":"page","link":"https:\/\/erica-kessler.com\/de\/karriere\/","title":{"rendered":"Karriere"},"content":{"rendered":"<figure itemscope itemtype=\"https:\/\/schema.org\/ImageObject\">\n\t\t\t\t<img decoding=\"async\" src=\"https:\/\/erica-kessler.com\/wp-content\/uploads\/2025\/09\/Erica-Kessler-Job-Karriere-und-Linkedin-coach-luzern-zurich-schweiz.jpg\" alt=\"Erica Kessler Job Karriere und Linkedin coach luzern z\u00fcrich schweiz\" height=\"1017\" width=\"1277\" title=\"Erica Kessler Job Karriere und Linkedin coach luzern z\u00fcrich schweiz\" onerror=\"this.style.display='none'\" loading=\"lazy\" \/>\n\t<\/figure>\n<h1>\n\t\t\tAuf Sie zugeschnittene Premium Linkedin Marketing und Karriere Angebote seit 2015\t<\/h1>\n\t<h3><strong>Viele Menschen k\u00f6nnen von einer verbesserten Pr\u00e4senz auf Linkedin profitieren. Die gr\u00f6ssten Erfolge habe ich erzielt, indem ich GL-Mitglieder und F\u00fchrungskr\u00e4fte nachhaltig unterst\u00fctzt habe, damit Sie eine neue Stelle finden konnten.<\/strong><\/h3>\n<h1>\n\t\t\tLinkedin und Karriere-Coaching f\u00fcr GL-Mitglieder und F\u00fchrungskr\u00e4fte\t<\/h1>\n\t<p><strong>GL-Mitglieder oder F\u00fchrungskr\u00e4fte, die nach neuen beruflichen M\u00f6glichkeiten suchen<\/strong><\/p>\n<p>Ich habe mit meinen Trainings, Coachings\/Beratungen den gr\u00f6ssten Erfolg bei diesen Themen gesehen:<\/p>\n<ul>\n<li>Definition Ihrer Karriere-Strategie<\/li>\n<li>Motivierendes und inspirierendes Coaching<\/li>\n<li>Strategische Positionierung<\/li>\n<li>Linkedin-Profil Qualit\u00e4tspr\u00fcfung mit Feedback<\/li>\n<li>Definition Linkedin-Karriere-Strategie<\/li>\n<li>Basic oder vertiefte Linkedin Content-Marketing-Strategie<\/li>\n<li>Basic oder vertiefte Netzwerk-Strategie<\/li>\n<li>Positionierung mit Ihrem CV und dem Motivationsbrief<\/li>\n<li>Wie Sie Ihren Traumjob in der Schweiz finden k\u00f6nnen<\/li>\n<li>Pers\u00f6nlich oder per Video Konferenz<\/li>\n<\/ul>\n\t\t\t<a href=\"https:\/\/erica-kessler.com\/de\/contact\/\"  target=\"_self\">\n\t\t\t\t\t\t\tKontaktieren Sie mich\n\t\t\t\t\t<\/a>\n<figure itemscope itemtype=\"https:\/\/schema.org\/ImageObject\">\n\t\t\t\t<img decoding=\"async\" src=\"https:\/\/erica-kessler.com\/wp-content\/uploads\/2024\/02\/Erica-Kessler-Linkedin-strategist-trainer-lecturer-speaker-in-Switzerland-scaled.jpg\" alt=\"Erica Kessler Linkedin strategist trainer lecturer speaker in Switzerland\" height=\"2281\" width=\"2560\" title=\"Erica Kessler Linkedin strategist trainer lecturer speaker in Switzerland\" onerror=\"this.style.display='none'\" loading=\"lazy\" \/>\n\t<\/figure>\n\t<ul>\n<li>Article in German: &#8220;Als F\u00fchrungskraft in der beruflichen \u00dcbergangssituation mit Linkedin-Marketing erfolgreich beim Traum-Job landen&#8221;: <a href=\"https:\/\/www.linkedin.com\/pulse\/als-f\u00fchrungskraft-der-beruflichen-\u00fcbergangssituation-mit-kessler-tg6te\/\" target=\"_blank\" rel=\"noopener\">link<\/a><\/li>\n<\/ul>\n<h1>\n\t\t\tAuf Sie zugeschnittene Linkedin Marketing Premium und Karriere Angebote seit 2015\t<\/h1>\n\t\t<h5>Linkedin Positionierungs-Paket<\/h5><h3>Auf Sie zugeschnittenes Linkedin Coaching und Beratung <\/h3>\t\t\t\n\t\t\t\t<ul>\n<li>\nDefinition Linkedin-Strategie\n<\/li>\n<li>\nPositionierung-Aufbau Ihrer pers\u00f6nlichen Marke\n<\/li>\n<li>Definition Linkedin-Karriere-Strategie<\/li>\n<li>\nAusbau Ihres globalen Netzwerkes\n<\/li>\n<li>\nPositionierung durch Content Marketing\n<\/li>\n<li>Beratung zwischen Ihren Trainings<\/li>\n<li>\nPers\u00f6nlich oder per Video Konferenz\n<\/li>\n<\/ul>\n\t\t\t<a href=\"https:\/\/erica-kessler.com\/de\/contact\/\"  target=\"_self\">\n\t\t\t\t\t\t\tKontaktieren Sie mich\n\t\t\t\t\t<\/a>\n\t\t<h5>Karriere Positionierungs-Paket<\/h5><h3>Auf Sie zugeschnittenes Coaching f\u00fcr Ihren CV und Motivationsbrief<\/h3>\t\t\t\n\t\t\t\t<ul>\n<li>Definition Ihrer Karriere-Strategie<\/li>\n<li>Definition Ihrer Positionierung<\/li>\n<li>Vertiefte Positionierung mit dem CV\u00a0<\/li>\n<li>Strategischer Motivationsbrief<\/li>\n<li>Beratung zwischen Ihren Trainings<\/li>\n<li>Pers\u00f6nlich oder per Video Konferenz<\/li>\n<\/ul>\n\t\t\t<a href=\"https:\/\/erica-kessler.com\/de\/contact\/\"  target=\"_blank\" rel=\"noopener\">\n\t\t\t\t\t\t\tKontaktieren Sie mich\n\t\t\t\t\t<\/a>\n\t\t<h5>Karriere Job-Suche-Paket<\/h5><h3>Wie Sie Ihren Traumjob in der Schweiz finden k\u00f6nnen<\/h3>\t\t\t\n\t\t\t\t<ul>\n<li>Jobsuche-Strategie definieren<\/li>\n<li>Die verschiedenen M\u00f6glichkeiten besprechen<\/li>\n<li>Vorstellung an Headhunters, Recruiters und Active Sourcers<\/li>\n<li>Beratung zwischen Ihren Trainings<\/li>\n<li>Pers\u00f6nlich oder per Video Konferenz<\/li>\n<\/ul>\n\t\t\t<a href=\"https:\/\/erica-kessler.com\/de\/contact\/\"  target=\"_blank\" rel=\"noopener\">\n\t\t\t\t\t\t\tKontaktieren Sie mich\n\t\t\t\t\t<\/a>\n<h1>\n\t\t\tIhre Vorteile\t<\/h1>\n\t<p><strong>Sie profitieren von meiner weltweiten Karriere-Erfahrung und meinem Experten- und Beeinflusser Netzwerkes.<\/strong><\/p>\n<p>You will position yourself and leave your competitors way behind with your career positioning on Linkedin, your resume and cover letter. Your Linkedin profile will be highly ranked in Linkedin searches. Headhunters, recruiters, active sourcers and future employers will find you 365 days of the year or see you in a newsfeed. I&#8217;ll ensure that your activities align strategically with your goals. You will work efficiently with Linkedin mobile and Linkedin messenger.<\/p>\n<h1>\n\t\t\tTestimonial\t<\/h1>\n\t<p><strong>Reto Mettler\u2028, Leiter Gastronomie &amp; Hotellerie (Mitglied der Gesch\u00e4ftsleitung), Schilthornbahn AG<\/strong><\/p>\n<p>Ich habe mit Erica Kessler mein Linkedin-Profil sowie eine darauf zugeschnittene Content-Strategie erarbeitet \u2013 und kann ihre Arbeit uneingeschr\u00e4nkt empfehlen.<\/p>\n<p>Erica hat ein feines Gesp\u00fcr f\u00fcr Pers\u00f6nlichkeiten. Mit viel Empathie, Inspiration und Professionalit\u00e4t hat sie mich dabei unterst\u00fctzt, mein Profil zu sch\u00e4rfen, meine Inhalte strategisch auszurichten und mein Know-how so zu pr\u00e4sentieren, dass es auch Wirkung zeigt.<\/p>\n<p>Thanks to her support, I now have a much clearer profile, greater visibility and increased engagement as well as a growing network. One concrete success: Through my optimized profile, I secured my new role at Schilthornbahn AG. It&#8217;s a great example of what&#8217;s possible when positioning and presence are aligned.<\/p>\n<p>I was particularly impressed by Erica&#8217;s ability to listen, get to the point quickly and always interact as an equal partner. Anyone looking to shape their Linkedin positioning consciously and authentically is in the best hands with Erica.<\/p>\n\t\t\t<a href=\"https:\/\/erica-kessler.com\/de\/contact\/\"  target=\"_self\">\n\t\t\t\t\t\t\tKontaktieren Sie mich, um Ihre Bed\u00fcrfnisse zu besprechen\n\t\t\t\t\t<\/a>\n<figure itemscope itemtype=\"https:\/\/schema.org\/ImageObject\">\n\t\t\t\t<img decoding=\"async\" src=\"https:\/\/erica-kessler.com\/wp-content\/uploads\/2025\/06\/Reto-Mettler-Leiter-Gastronomie-Hotellerie-Linkedin-Testimonial.jpg\" alt=\"Reto Mettler Leiter Gastronomie &amp; Hotellerie Linkedin Testimonial\" height=\"1160\" width=\"773\" title=\"Reto Mettler Leiter Gastronomie &amp; Hotellerie Linkedin Testimonial\" onerror=\"this.style.display='none'\" loading=\"lazy\" \/>\n\t<\/figure>\n<h1>\n\t\t\tTestimonial\t<\/h1>\n\t<p>Ich lernte Erica Kessler vor einigen Jahren an einem Vortrag an der FHNW Basel kennen, wo sie KMU-Verantwortliche mit Linkedin-Insights aus den USA begeisterte.<\/p>\n<p>Als f\u00fcr mich eine berufliche Neuorientierung und die Optimierung meines eigenen Linkedin-Profils anstand, war klar, dass ich mich an sie wenden w\u00fcrde. Ihre Professionalit\u00e4t und ihr Wissen \u00fcber Linkedin \u00fcberzeugten bereits damals und best\u00e4tigten sich in der individuellen Beratung erneut.<\/p>\n<p>Das Coaching umfasste schliesslich auch das Content-Marketing sowie Job- und Netzwerkstrategien. Der Aufbau des Coachings von der Profil - Optimierung bis zum Erstellen eigener Beitr\u00e4ge zum Teilen war hervorragend und in sich sehr stimmig. Besonders wertvoll war, dass Erica Kessler mich nicht nur fachlich ausgezeichnet beraten, sondern mich pers\u00f6nlich richtig eingesch\u00e4tzt und Sicherheit f\u00fcr einen authentischen Linkedin-Auftritt gegeben hat. Meine ersten Beitr\u00e4ge \u00fcber Linkedin haben bereits eine beachtliche Reichweite erlangt, viel mehr als ich erwartet h\u00e4tte.<\/p>\n<p>Die investierte Zeit hat sich ausgezahlt und ist ein richtiger Motivationsschub. Danke Erica Kessler!<\/p>\n\t\t\t<a href=\"https:\/\/erica-kessler.com\/de\/contact\/\"  target=\"_self\">\n\t\t\t\t\t\t\tKontaktieren Sie mich, um Ihre Bed\u00fcrfnisse zu besprechen\n\t\t\t\t\t<\/a>\n\n<div class=\"shariff shariff-align-flex-start shariff-widget-align-flex-start\"><ul class=\"shariff-buttons theme-default orientation-horizontal buttonsize-medium\"><li class=\"shariff-button linkedin shariff-nocustomcolor\" style=\"background-color:#1488bf\"><a href=\"https:\/\/www.linkedin.com\/sharing\/share-offsite\/?url=https%3A%2F%2Ferica-kessler.com%2Fde%2Fkarriere%2F\" title=\"Share on LinkedIn\" aria-label=\"Share on LinkedIn\" role=\"button\" rel=\"noopener nofollow\" class=\"shariff-link\" style=\"; background-color:#0077b5; color:#fff\" target=\"_blank\"><span class=\"shariff-icon\" style=\"\"><svg width=\"32px\" height=\"20px\" xmlns=\"http:\/\/www.w3.org\/2000\/svg\" viewbox=\"0 0 27 32\"><path fill=\"#0077b5\" d=\"M6.2 11.2v17.7h-5.9v-17.7h5.9zM6.6 5.7q0 1.3-0.9 2.2t-2.4 0.9h0q-1.5 0-2.4-0.9t-0.9-2.2 0.9-2.2 2.4-0.9 2.4 0.9 0.9 2.2zM27.4 18.7v10.1h-5.9v-9.5q0-1.9-0.7-2.9t-2.3-1.1q-1.1 0-1.9 0.6t-1.2 1.5q-0.2 0.5-0.2 1.4v9.9h-5.9q0-7.1 0-11.6t0-5.3l0-0.9h5.9v2.6h0q0.4-0.6 0.7-1t1-0.9 1.6-0.8 2-0.3q3 0 4.9 2t1.9 6z\"\/><\/svg><\/span><span class=\"shariff-text\">share<\/span>&nbsp;<\/a><\/li><\/ul><\/div>","protected":false},"excerpt":{"rendered":"<p>Premium high-end customized Linkedin Marketing and Career Services since 2015 Many people can benefit from an improved Linkedin presence; however, I have seen the most success by helping executive board members, c-level executives or managers that are looking to better attract and align with a new career opportunity. Linkedin and Career Coaching for Board Members,&hellip;<\/p>","protected":false},"author":2,"featured_media":1215,"parent":0,"menu_order":0,"comment_status":"closed","ping_status":"closed","template":"","meta":{"_acf_changed":false,"footnotes":""},"class_list":["post-1728","page","type-page","status-publish","has-post-thumbnail","hentry"],"acf":[],"yoast_head":"<!-- This site is optimized with the Yoast SEO plugin v27.4 - https:\/\/yoast.com\/product\/yoast-seo-wordpress\/ -->\n<title>Career - Erica Kessler Linkedin training<\/title>\n<meta name=\"description\" content=\"Premium high-end customized Linkedin and Job Coaching for C-Level executives and Managers who want to find a new job in Switzerland.\" \/>\n<meta name=\"robots\" content=\"index, follow, max-snippet:-1, max-image-preview:large, max-video-preview:-1\" \/>\n<link rel=\"canonical\" href=\"https:\/\/erica-kessler.com\/de\/karriere\/\" \/>\n<meta property=\"og:locale\" content=\"de_DE\" \/>\n<meta property=\"og:type\" content=\"article\" \/>\n<meta property=\"og:title\" content=\"Premium high-end customized Linkedin and Career Coaching\" \/>\n<meta property=\"og:description\" content=\"Premium high-end customized Linkedin and Job Coaching for C-Level executives and Manager who want to find a new job in Switzerland.\" \/>\n<meta property=\"og:url\" content=\"https:\/\/erica-kessler.com\/de\/karriere\/\" \/>\n<meta property=\"og:site_name\" content=\"Erica Kessler\" \/>\n<meta property=\"article:modified_time\" content=\"2026-03-08T13:45:39+00:00\" \/>\n<meta property=\"og:image\" content=\"https:\/\/erica-kessler.com\/wp-content\/uploads\/2023\/03\/erica-kessler-linkedin-trainer-coach-lecturer-speaker-for-leader.png\" \/>\n\t<meta property=\"og:image:width\" content=\"261\" \/>\n\t<meta property=\"og:image:height\" content=\"261\" \/>\n\t<meta property=\"og:image:type\" content=\"image\/png\" \/>\n<meta name=\"twitter:label1\" content=\"Gesch\u00e4tzte Lesezeit\" \/>\n\t<meta name=\"twitter:data1\" content=\"4\u00a0Minuten\" \/>\n<!-- \/ Yoast SEO plugin. -->","yoast_head_json":{"title":"Career - Erica Kessler Linkedin training","description":"Premium high-end customized Linkedin and Job Coaching for C-Level executives and Managers who want to find a new job in Switzerland.","robots":{"index":"index","follow":"follow","max-snippet":"max-snippet:-1","max-image-preview":"max-image-preview:large","max-video-preview":"max-video-preview:-1"},"canonical":"https:\/\/erica-kessler.com\/de\/karriere\/","og_locale":"de_DE","og_type":"article","og_title":"Premium high-end customized Linkedin and Career Coaching","og_description":"Premium high-end customized Linkedin and Job Coaching for C-Level executives and Manager who want to find a new job in Switzerland.","og_url":"https:\/\/erica-kessler.com\/de\/karriere\/","og_site_name":"Erica Kessler","article_modified_time":"2026-03-08T13:45:39+00:00","og_image":[{"width":261,"height":261,"url":"https:\/\/erica-kessler.com\/wp-content\/uploads\/2023\/03\/erica-kessler-linkedin-trainer-coach-lecturer-speaker-for-leader.png","type":"image\/png"}],"twitter_misc":{"Gesch\u00e4tzte Lesezeit":"4\u00a0Minuten"},"schema":{"@context":"https:\/\/schema.org","@graph":[{"@type":"WebPage","@id":"https:\/\/erica-kessler.com\/karriere\/","url":"https:\/\/erica-kessler.com\/karriere\/","name":"Career - Erica Kessler Linkedin training","isPartOf":{"@id":"https:\/\/erica-kessler.com\/#website"},"primaryImageOfPage":{"@id":"https:\/\/erica-kessler.com\/karriere\/#primaryimage"},"image":{"@id":"https:\/\/erica-kessler.com\/karriere\/#primaryimage"},"thumbnailUrl":"https:\/\/erica-kessler.com\/wp-content\/uploads\/2023\/03\/erica-kessler-linkedin-trainer-coach-lecturer-speaker-for-leader.jpg","datePublished":"2025-05-08T08:44:12+00:00","dateModified":"2026-03-08T13:45:39+00:00","description":"Premium high-end customized Linkedin and Job Coaching for C-Level executives and Managers who want to find a new job in Switzerland.","breadcrumb":{"@id":"https:\/\/erica-kessler.com\/karriere\/#breadcrumb"},"inLanguage":"de","potentialAction":[{"@type":"ReadAction","target":["https:\/\/erica-kessler.com\/karriere\/"]}]},{"@type":"ImageObject","inLanguage":"de","@id":"https:\/\/erica-kessler.com\/karriere\/#primaryimage","url":"https:\/\/erica-kessler.com\/wp-content\/uploads\/2023\/03\/erica-kessler-linkedin-trainer-coach-lecturer-speaker-for-leader.jpg","contentUrl":"https:\/\/erica-kessler.com\/wp-content\/uploads\/2023\/03\/erica-kessler-linkedin-trainer-coach-lecturer-speaker-for-leader.jpg","width":261,"height":261},{"@type":"BreadcrumbList","@id":"https:\/\/erica-kessler.com\/karriere\/#breadcrumb","itemListElement":[{"@type":"ListItem","position":1,"name":"Home","item":"https:\/\/erica-kessler.com\/"},{"@type":"ListItem","position":2,"name":"Career"}]},{"@type":"WebSite","@id":"https:\/\/erica-kessler.com\/#website","url":"https:\/\/erica-kessler.com\/","name":"Erica Kessler","description":"Erica Kessler is a Linkedin Trainer, Lecturer and Speaker","potentialAction":[{"@type":"SearchAction","target":{"@type":"EntryPoint","urlTemplate":"https:\/\/erica-kessler.com\/?s={search_term_string}"},"query-input":{"@type":"PropertyValueSpecification","valueRequired":true,"valueName":"search_term_string"}}],"inLanguage":"de"}]}},"_links":{"self":[{"href":"https:\/\/erica-kessler.com\/de\/wp-json\/wp\/v2\/pages\/1728","targetHints":{"allow":["GET"]}}],"collection":[{"href":"https:\/\/erica-kessler.com\/de\/wp-json\/wp\/v2\/pages"}],"about":[{"href":"https:\/\/erica-kessler.com\/de\/wp-json\/wp\/v2\/types\/page"}],"author":[{"embeddable":true,"href":"https:\/\/erica-kessler.com\/de\/wp-json\/wp\/v2\/users\/2"}],"replies":[{"embeddable":true,"href":"https:\/\/erica-kessler.com\/de\/wp-json\/wp\/v2\/comments?post=1728"}],"version-history":[{"count":39,"href":"https:\/\/erica-kessler.com\/de\/wp-json\/wp\/v2\/pages\/1728\/revisions"}],"predecessor-version":[{"id":1998,"href":"https:\/\/erica-kessler.com\/de\/wp-json\/wp\/v2\/pages\/1728\/revisions\/1998"}],"wp:featuredmedia":[{"embeddable":true,"href":"https:\/\/erica-kessler.com\/de\/wp-json\/wp\/v2\/media\/1215"}],"wp:attachment":[{"href":"https:\/\/erica-kessler.com\/de\/wp-json\/wp\/v2\/media?parent=1728"}],"curies":[{"name":"wp","href":"https:\/\/api.w.org\/{rel}","templated":true}]}}