{"id":17,"date":"2020-02-10T19:08:21","date_gmt":"2020-02-10T18:08:21","guid":{"rendered":"https:\/\/erica-kessler.com\/?page_id=17"},"modified":"2025-05-04T08:25:38","modified_gmt":"2025-05-04T06:25:38","slug":"services","status":"publish","type":"page","link":"https:\/\/erica-kessler.com\/de\/services\/","title":{"rendered":"Angebote"},"content":{"rendered":"<img loading=\"lazy\" decoding=\"async\" src=\"https:\/\/erica-kessler.com\/wp-content\/uploads\/2025\/02\/Social-Media-Leaders-GmbH-Linkedin-Strategy-Training-and-Speeches-by-Erica-Kessler-Switzerland.png\" alt=\"Social Media Leaders GmbH Linkedin Strategy Training and Speeches by Erica Kessler Switzerland\" itemprop=\"image\" height=\"801\" width=\"1200\" title=\"Social Media Leaders GmbH Linkedin Strategy Training and Speeches by Erica Kessler Switzerland\" onerror=\"this.style.display='none'\"  \/>\n<h1>\n\t\tAuf Sie zugeschnittene Linkedin Marketing Premium Angebote seit 2015\n\t<\/h1>\n\t<h3><strong>Viele Menschen k\u00f6nnen von einer verbesserten Pr\u00e4senz auf der Social-Media-Plattform Linkedin profitieren; jedoch habe ich die gr\u00f6ssten Erfolge erzielt, indem ich Organisationen, CEOs, Vorstandsmitglieder, F\u00fchrungskr\u00e4fte auf C-Level, Marketing-\/PR-\/Kommunikations-, HR\/Recruiter- oder Vertriebsteams sowie F\u00fchrungskr\u00e4fte oder Manager unterst\u00fctzt habe mit mithilfe von Linkedin-Marketing nachhaltig Ihre Reichweite erh\u00f6hen, mehr Business generieren, potenzielle Kunden identifizieren, Talente gewinnen oder f\u00fcr Sie eine neue Stelle finden k\u00f6nnen.<\/strong><\/h3>\n<h1>\n\t\tCEO oder Mitglied der Gesch\u00e4ftsleitung\n\t<\/h1>\n\t<p><b>CEOs oder Mitglied der Gesch\u00e4ftsleitung, welche sich positionieren wollen und alle Unternehmensziele unterst\u00fctzen.<\/b><\/p>\n<p>I have seen the most success by helping CEOs or Members of the Executive Board with these training topics:<\/p>\n<ul>\n<li>Auf Sie zugeschnittenes Training Paket<\/li>\n<li>Langfristiges Commitment<\/li>\n<li>Ihre Strategie definieren<\/li>\n<li>Strategische Positionierung als Thought Leader<\/li>\n<li>Vertiefte-Content-Marketing Strategie und Plan<\/li>\n<li>Effizientes Networking<\/li>\n<li>Training und Beratung f\u00fcr Assistenz oder Team<\/li>\n<li>Training, Coaching, Beratung und Sparringpartner<\/li>\n<li>Pers\u00f6nlich oder per Video Konferenz<\/li>\n<\/ul>\n\t\t\t\t<img loading=\"lazy\" decoding=\"async\" src=\"https:\/\/erica-kessler.com\/wp-content\/uploads\/2020\/07\/erica-kessler-speaking-speaker-linkedin-personal-branding-business-branding-company-page-leader.jpg\" alt=\"erica kessler speaking speaker linkedin personal branding business branding company page leader\" itemprop=\"image\" height=\"801\" width=\"1200\" title=\"erica kessler speaking speaker linkedin personal branding business branding company page leader\" onerror=\"this.style.display='none'\"  \/>\n\t<ul>\n<li>Article: &#8220;Personal branding is part of the CEO job&#8221;: <a href=\"https:\/\/erica-kessler.com\/de\/2023\/04\/04\/personal-branding-is-part-of-the-ceo-job-every-ceo-needs-a-strategic-linkedin-presence\/\" target=\"_blank\" rel=\"noopener\">link<\/a><\/li>\n<\/ul>\n\t\t\t<a href=\"https:\/\/erica-kessler.com\/de\/contact\/\" target=\"_self\">\n\t\t\t\t\t\t\tKontaktieren Sie mich\n\t\t\t\t\t<\/a>\n<h1>\n\t\tRekrutierung und Talent Acquisition\n\t<\/h1>\n\t\t\t\t<img loading=\"lazy\" decoding=\"async\" src=\"https:\/\/erica-kessler.com\/wp-content\/uploads\/2020\/07\/erica-kessler-linkedin-for-leaders-team-training-maximise-your-linkedin-presence-strategically.jpg\" alt=\"erica kessler linkedin for leaders team training maximise your linkedin presence strategically\" itemprop=\"image\" height=\"801\" width=\"1200\" title=\"erica kessler linkedin for leaders team training maximise your linkedin presence strategically\" onerror=\"this.style.display='none'\"  \/>\n\t<p><strong>Die untersch\u00e4tzte Kraft von Linkedin f\u00fcr Personalmanager, Recruiter, Active Sourcer und Headhunter:<\/strong><\/p>\n<ul>\n<li>Unternehmen, die mit ihrem Linkedin-Auftritt eine starke Arbeitgebermarke aufbauen m\u00f6chten.<\/li>\n<li>Build strategic and authentic personal Linkedin profiles to support the organization&#8217;s attractiveness and attract talents<\/li>\n<li>Gewinnung und Identifizierung von Top-Talenten mithilfe eines Content-Marketing-Mix im Unternehmens- und pers\u00f6nlichen Newsfeed<\/li>\n<li>Stellenangebote mit Mehrwert teilen<\/li>\n<li>Personalverantwortliche und Personalvermittler, die neue Talente auf der Unternehmensseite, den pers\u00f6nlichen Profil oder des CEOs Profils suchen wollen.<\/li>\n<li>Personalverantwortliche und Personalvermittler, welche f\u00fcr potenzielle Talente sichtbar sein wollen<\/li>\n<li>Talente anziehen und suchen mit einem Content- Marketing-Mix im pers\u00f6nlichen Newsfeed<\/li>\n<li>365 Tage auf Linkedin gefunden werden<\/li>\n<li>Ein strategisches Netzwerk aufbauen<\/li>\n<\/ul>\n\t\t\t<a href=\"https:\/\/erica-kessler.com\/de\/contact\/\" target=\"_self\">\n\t\t\t\t\t\t\tKontaktieren Sie mich\n\t\t\t\t\t<\/a>\n<h1>\n\t\tAuf Sie zugeschnittene Linkedin Marketing Premium Angebote f\u00fcr Organisationen\n\t<\/h1>\n\t\t<h3>Unternehmungen<\/h3>\t\t\t\n<p><strong>CEO, Verwaltungsr\u00e4te oder C-Level-F\u00fchrungskr\u00e4fte<\/strong><\/p>\n<p>Training, Coaching, Beratung und Sparringpartner<\/p>\n<ul>\n<li>Ihre Strategie definieren<\/li>\n<li>\nPositionierung-Aufbau Ihrer pers\u00f6nlichen Marke\n<\/li>\n<li>\nAusbau Ihres globalen Netzwerkes\n<\/li>\n<li>\nPositionierung durch Content Marketing\n<\/li>\n<li>Content-Marketing-Plan erstellen<\/li>\n<li>Neue relevante Funktionalit\u00e4ten<\/li>\n<li>Positionierung als Thought Leader<\/li>\n<li>Empfehlungen zur effizienten Arbeitsweise<\/li>\n<li>Training f\u00fcr Assistenz oder das Team<\/li>\n<li>Geplante oder ad hoc Beratung<\/li>\n<li>\nPers\u00f6nlich oder per Video Konferenz\n<\/li>\n<\/ul>\n\t\t\t<a href=\"https:\/\/erica-kessler.com\/de\/contact\/\" target=\"_self\">\n\t\t\t\t\t\t\tKontaktieren Sie mich\n\t\t\t\t\t<\/a>\n\t\t<h3>Unternehmungen<\/h3>\t\t\t\n\t\t\t\t<p><strong> Marketing und Kommunikation, HR &amp; Vertrieb<\/strong><\/p>\n<p>Training, Coaching, Beratung und Sparringpartner<strong><br \/><\/strong><\/p>\n<ul>\n<li>Ihre Strategie definieren<\/li>\n<li>Langfristige Planung<\/li>\n<li>Unternehmensbrand st\u00e4rken<\/li>\n<li>Personal-Brand st\u00e4rken<\/li>\n<li>Content-Marketing\u00a0<\/li>\n<li>Community-Management<\/li>\n<li>Strategisches Networking<\/li>\n<li>Positionierung als Experte\/Expertin oder Thought Leader<\/li>\n<li>Geplante oder ad hoc Beratung<\/li>\n<li>Pers\u00f6nlich oder per Video Konferenz<\/li>\n<\/ul>\n\t\t\t<a href=\"https:\/\/erica-kessler.com\/de\/contact\/\" target=\"_blank\" rel=\"noopener\">\n\t\t\t\t\t\t\tKontaktieren Sie mich\n\t\t\t\t\t<\/a>\n\t\t<h3>Referate<\/h3>\t\t\t\n\t\t\t\t<p><strong>Inhouse, Universit\u00e4ten, Events, Messen<\/strong><\/p>\n<p>Inspirierende und motivierende Reden mit praktischen Tipps<\/p>\n<ul>\n<li>Ihre Ziele definieren<\/li>\n<li>Motivierende Reden \u00fcber Branding, Employer Branding, CEO-Positionierung, Rekrutierung, Modern Selling, Content-Marketing und Networking\u00a0<\/li>\n<li>Motivierende Reden \u00fcber Thought Leadership Positionierung<\/li>\n<li>Inspirierende Reden f\u00fcr Studierende<\/li>\n<li>Massgeschneidert f\u00fcr Ihr Publikum<\/li>\n<li>Pers\u00f6nlich oder per Video Konferenz<\/li>\n<\/ul>\n\t\t\t<a href=\"https:\/\/erica-kessler.com\/de\/contact\/\" target=\"_blank\" rel=\"noopener\">\n\t\t\t\t\t\t\tKontaktieren Sie mich\n\t\t\t\t\t<\/a>\n<h1>\n\t\tINTERIM ANGEBOTE\n\t<\/h1>\n\t<ul>\n<li>Trainerin zur Beseitigung von Engp\u00e4ssen oder zur Vertretung von Vakanzen im Bereich Social Media<\/li>\n<li>Bewirtschaftung und Support von Linkedin Unternehmensseiten<\/li>\n<li>Unterst\u00fctzung f\u00fcr CEOs, C-Level, Experten aus Human Resources, Vertrieb, Kommunikation oder Produktion<\/li>\n<li>Themen: Strategische Positionierung, Content Marketing, Community Management und Networking<\/li>\n<li>Implementierung und\/oder Training f\u00fcr das Employee Advocacy Programm<\/li>\n<\/ul>\n\t\t\t<a href=\"https:\/\/erica-kessler.com\/de\/contact\/\" target=\"_self\">\n\t\t\t\t\t\t\tKontaktieren Sie mich\n\t\t\t\t\t<\/a>\n\t<ul>\n<li>Mehr Erfolg f\u00fcr Organisationen mit strategischem Linkedin-Marketing. Nutzen Sie die M\u00f6glichkeiten zielf\u00fchrend: <a href=\"https:\/\/www.linkedin.com\/pulse\/mehr-erfolg-f\u00fcr-organisationen-mit-strategischem-linkedin-marketing-njrbe\" target=\"_blank\" rel=\"noopener\">Link<\/a><\/li>\n<\/ul>\n\t\t\t\t<img loading=\"lazy\" decoding=\"async\" src=\"https:\/\/erica-kessler.com\/wp-content\/uploads\/2025\/03\/Linkedin-premium-Interim-Services-by-Erica-Kessler-Switzerland.png\" alt=\"Linkedin premium Interim Services by Erica Kessler Switzerland\" itemprop=\"image\" height=\"720\" width=\"1280\" title=\"Linkedin premium Interim Services by Erica Kessler Switzerland\" onerror=\"this.style.display='none'\"  \/>\n<h1>\n\t\tUnternehmungen\n\t<\/h1>\n\t<p><strong>Bei der Unternehmensseite und den pers\u00f6nlichen Profilen habe ich den gr\u00f6ssten Erfolg bei diesen Themen gesehen:<\/strong><\/p>\n<ul>\n<li>Unternehmen, die ihre Marke bekannt machen und soziale Vertriebsnetze aufbauen wollen.<\/li>\n<li>CEO-Positionierung mit einem starken Personal-Brand, um alle Unternehmensziele zu unterst\u00fctzen<\/li>\n<li>Vertrieb oder Store Teams, welche interessiert sind den Umsatz zu steigern und qualitative potenzielle Kunden und Leads zu identifizieren mit Modern Selling.<\/li>\n<li>Vertriebsteams, welche sichtbarer bei potenziellen und bestehenden Kunden sein wollen<\/li>\n<li>Unternehmen, die daran interessiert sind, einen starken Personal oder Unternehmens-Brand auf Linkedin aufzubauen<\/li>\n<li>Personalchefs, Personalvermittler und Headhunter, die neue Talente suchen oder f\u00fcr potenzielle Talente sichtbar werden wollen.<\/li>\n<li>Kommunikation\/Marketing Teams, welche die Unternehmenshauptbotschaften kommunizieren m\u00f6chten und Ihre Expertise<\/li>\n<li>Unternehmen, die daran interessiert sind, einen starken Personal-Brand auf Linkedin aufzubauen oder die Mitarbeitenden als Botschafter einzubeziehen mit Employee Advocacy\/Linkedin-Influencer-Programm.<\/li>\n<\/ul>\n\t\t\t\t<img loading=\"lazy\" decoding=\"async\" src=\"https:\/\/erica-kessler.com\/wp-content\/uploads\/2020\/07\/erica-kessler-linkedin-for-leaders-ceo-executive-maximise-your-linkedin-presence-strategically.jpg\" alt=\"erica kessler linkedin for leaders ceo executive maximise your linkedin presence strategically\" itemprop=\"image\" height=\"801\" width=\"1200\" title=\"erica kessler linkedin for leaders ceo executive maximise your linkedin presence strategically\" onerror=\"this.style.display='none'\"  \/>\n\t<p><strong>Eine Linkedin-Unternehmensseite ist hilfreich f\u00fcr Organisationen, die:<\/strong><\/p>\n<ul>\n<li>ihre Marke st\u00e4rken und ihre Unternehmensgeschichte erz\u00e4hlen wollen<\/li>\n<li>eine Content-Marketing-Strategie und einen Content-Hub kreieren wollen<\/li>\n<li>ihre Bekanntheit erh\u00f6hen und die Know-, Like- und Trust-Faktoren steigern wollen<\/li>\n<li>potenzielle Neukunden (Lead Generierung) anziehen wollen<\/li>\n<li>Die Arbeitgebermarke st\u00e4rken wollen<\/li>\n<li>365 Tage im Jahr Talente anziehen wollen<\/li>\n<li>Get more followers and reach the defined stakeholders<\/li>\n<li>Beziehungen mit den Followers und der Community aufbauen wollen<\/li>\n<li>Mit den Mitarbeitenden und den Zielgruppen kommunizieren wollen<\/li>\n<li>Event oder Messen mit dem Event-Tool oder im Newsfeed bewerben m\u00f6chten<\/li>\n<li>Einen Linkedin-Newsletter publizieren m\u00f6chten, um vertieftes Fachwissen zu kommunizieren<\/li>\n<li>Bei der Unternehmensseiten Newsfeed oder dem pers\u00f6nlichen Newsfeed Werbung schalten wollen<\/li>\n<li>Get Analytics and performance and how it&#8217;s impacting the goals<\/li>\n<\/ul>\n\t<p><strong>Unternehmensseite, Teams und Mitarbeitende Profile<\/strong><\/p>\n<ul>\n<li>Ihre Strategie definieren<\/li>\n<li>Langfristige Planung<\/li>\n<li>Unternehmensbrand st\u00e4rken<\/li>\n<li>Personal-Brand st\u00e4rken<\/li>\n<li>Lancieren eines Employee Advocacy\/Linkedin-Influencer-Programm<\/li>\n<li>Bestehendes Employee Advocacy\/Linkedin-Influencer-Programm auf das h\u00f6chste Level bringen<\/li>\n<li>Auf Sie zugeschnittene Schulungen<\/li>\n<li>Strategische Beratung<\/li>\n<li>Sparringpartner<\/li>\n<li>Pers\u00f6nlich oder per Video Konferenz<\/li>\n<\/ul>\n\t\t\t<a href=\"https:\/\/erica-kessler.com\/de\/contact\/\" target=\"_self\">\n\t\t\t\t\t\t\tKontaktieren Sie mich\n\t\t\t\t\t<\/a>\n\t\t\t\t<img loading=\"lazy\" decoding=\"async\" src=\"https:\/\/erica-kessler.com\/wp-content\/uploads\/2025\/04\/Linkedin-und-Karriere-Coaching-Training-fur-nachsten-Karriereschritt-scaled.jpg\" alt=\"Linkedin und Karriere Coaching Training f\u00fcr n\u00e4chsten Karriereschritt\" itemprop=\"image\" height=\"2350\" width=\"2560\" title=\"Linkedin und Karriere Coaching Training f\u00fcr n\u00e4chsten Karriereschritt\" onerror=\"this.style.display='none'\"  \/>\n\t\t\t<a href=\"https:\/\/erica-kessler.com\/de\/contact\/\" target=\"_self\">\n\t\t\t\t\t\t\tKontaktieren Sie mich\n\t\t\t\t\t<\/a>\n<h1>\n\t\tF\u00fchrungskr\u00e4fte und Manager\n\t<\/h1>\n\t<p><strong>GL-Mitglieder und F\u00fchrungskr\u00e4fte, welche f\u00fcr eine neue Karriere-M\u00f6glichkeit Ausschau halten<\/strong><\/p>\n<p>Ich habe mit meinen Trainings, Coachings\/Beratungen den gr\u00f6ssten Erfolg bei diesen Themen gesehen:<\/p>\n<ul>\n<li>Auf Sie zugeschnittenes Paket f\u00fcr 2 oder 6 Monate<\/li>\n<li>Definition Ihrer Karriere-Strategie<\/li>\n<li>Motivierendes und inspirierendes Coaching<\/li>\n<li>Strategisches Positionieren auf Linkedin<\/li>\n<li>Linkedin-Profil Qualit\u00e4tspr\u00fcfung mit Feedback<\/li>\n<li>Definition Linkedin-Karriere-Strategie<\/li>\n<li>Basic oder vertiefte Linkedin Content-Marketing-Strategie<\/li>\n<li>Basic oder vertiefte Netzwerk-Strategie<\/li>\n<li>Positionierung mit Ihrem CV und dem Motivationsbrief<\/li>\n<li>Wie Sie einen Job in der Schweiz finden k\u00f6nnen<\/li>\n<li>Pers\u00f6nlich oder per Video Konferenz<\/li>\n<\/ul>\n\t<ul>\n<li>Article in German: &#8220;Als F\u00fchrungskraft in der beruflichen \u00dcbergangssituation mit Linkedin-Marketing erfolgreich beim Traum-Job landen&#8221;: <a href=\"https:\/\/www.linkedin.com\/pulse\/als-f\u00fchrungskraft-der-beruflichen-\u00fcbergangssituation-mit-kessler-tg6te\/\" target=\"_blank\" rel=\"noopener\">link<\/a><\/li>\n<\/ul>\n<h1>\n\t\tIhre Vorteile\n\t<\/h1>\n\t<p><strong>Sie profitieren von meiner weltweiten Erfahrung und meinem Experten und Beeinflusser Netzwerk.<\/strong><\/p>\n<p>You will position yourself and leave your competitors way behind. Your profile will be highly ranked in Linkedin searches. Clients and potential clients, employees, business partners, headhunters, recruiters and future employers, investors, industry leaders and many more will find you 365 days of the year or see you in a newsfeed. I&#8217;ll ensure that your activities align strategically with your goals. You will work efficiently with Linkedin mobile and Linkedin messenger.<\/p>\n\n<div class=\"shariff shariff-align-left shariff-widget-align-left\"><ul class=\"shariff-buttons theme-default orientation-horizontal buttonsize-medium\"><li class=\"shariff-button linkedin shariff-nocustomcolor\" style=\"background-color:#1488bf\"><a href=\"https:\/\/www.linkedin.com\/sharing\/share-offsite\/?url=https%3A%2F%2Ferica-kessler.com%2Fde%2Fservices%2F\" title=\"Share on LinkedIn\" aria-label=\"Share on LinkedIn\" role=\"button\" rel=\"noopener nofollow\" class=\"shariff-link\" style=\"; background-color:#0077b5; color:#fff\" target=\"_blank\"><span class=\"shariff-icon\" style=\"\"><svg width=\"32px\" height=\"20px\" xmlns=\"http:\/\/www.w3.org\/2000\/svg\" viewbox=\"0 0 27 32\"><path fill=\"#0077b5\" d=\"M6.2 11.2v17.7h-5.9v-17.7h5.9zM6.6 5.7q0 1.3-0.9 2.2t-2.4 0.9h0q-1.5 0-2.4-0.9t-0.9-2.2 0.9-2.2 2.4-0.9 2.4 0.9 0.9 2.2zM27.4 18.7v10.1h-5.9v-9.5q0-1.9-0.7-2.9t-2.3-1.1q-1.1 0-1.9 0.6t-1.2 1.5q-0.2 0.5-0.2 1.4v9.9h-5.9q0-7.1 0-11.6t0-5.3l0-0.9h5.9v2.6h0q0.4-0.6 0.7-1t1-0.9 1.6-0.8 2-0.3q3 0 4.9 2t1.9 6z\"\/><\/svg><\/span><span class=\"shariff-text\">share<\/span>&nbsp;<\/a><\/li><\/ul><\/div>","protected":false},"excerpt":{"rendered":"<p>Premium high-end customized Linkedin Marketing Services since 2015 Many people can benefit from an improved social media Linkedin presence; however, I have seen the most success by helping organizations, CEOs, board members, C-Level, Marketing\/PR\/Communication-, HR- or Sales Teams and executives or managers that are looking to better attract and align with a new opportunity. CEO&hellip;<\/p>","protected":false},"author":1,"featured_media":1215,"parent":0,"menu_order":0,"comment_status":"closed","ping_status":"closed","template":"","meta":{"_acf_changed":false,"footnotes":""},"class_list":["post-17","page","type-page","status-publish","has-post-thumbnail","hentry"],"acf":[],"yoast_head":"<!-- This site is optimized with the Yoast SEO plugin v27.5 - https:\/\/yoast.com\/product\/yoast-seo-wordpress\/ -->\n<title>Services - Erica Kessler Linkedin training<\/title>\n<meta name=\"description\" content=\"Premium high-end customized global Linkedin Services for CEOs, executives and organizations who want to be leaders on Linkedin.\" \/>\n<meta name=\"robots\" content=\"index, follow, max-snippet:-1, max-image-preview:large, max-video-preview:-1\" \/>\n<link rel=\"canonical\" href=\"https:\/\/erica-kessler.com\/de\/services\/\" \/>\n<meta property=\"og:locale\" content=\"de_DE\" \/>\n<meta property=\"og:type\" content=\"article\" \/>\n<meta property=\"og:title\" content=\"Services - Erica Kessler Linkedin training\" \/>\n<meta property=\"og:description\" content=\"Premium high-end customized global Linkedin Services for CEOs, executives and organizations who want to be leaders on Linkedin.\" \/>\n<meta property=\"og:url\" content=\"https:\/\/erica-kessler.com\/de\/services\/\" \/>\n<meta property=\"og:site_name\" content=\"Erica Kessler\" \/>\n<meta property=\"article:modified_time\" content=\"2025-05-04T06:25:38+00:00\" \/>\n<meta property=\"og:image\" content=\"https:\/\/erica-kessler.com\/wp-content\/uploads\/2023\/03\/erica-kessler-linkedin-trainer-coach-lecturer-speaker-for-leader.jpg\" \/>\n\t<meta property=\"og:image:width\" content=\"261\" \/>\n\t<meta property=\"og:image:height\" content=\"261\" \/>\n\t<meta property=\"og:image:type\" content=\"image\/jpeg\" \/>\n<meta name=\"twitter:label1\" content=\"Gesch\u00e4tzte Lesezeit\" \/>\n\t<meta name=\"twitter:data1\" content=\"4\u00a0Minuten\" \/>\n<!-- \/ Yoast SEO plugin. -->","yoast_head_json":{"title":"Services - Erica Kessler Linkedin training","description":"Premium high-end customized global Linkedin Services for CEOs, executives and organizations who want to be leaders on Linkedin.","robots":{"index":"index","follow":"follow","max-snippet":"max-snippet:-1","max-image-preview":"max-image-preview:large","max-video-preview":"max-video-preview:-1"},"canonical":"https:\/\/erica-kessler.com\/de\/services\/","og_locale":"de_DE","og_type":"article","og_title":"Services - Erica Kessler Linkedin training","og_description":"Premium high-end customized global Linkedin Services for CEOs, executives and organizations who want to be leaders on Linkedin.","og_url":"https:\/\/erica-kessler.com\/de\/services\/","og_site_name":"Erica Kessler","article_modified_time":"2025-05-04T06:25:38+00:00","og_image":[{"width":261,"height":261,"url":"https:\/\/erica-kessler.com\/wp-content\/uploads\/2023\/03\/erica-kessler-linkedin-trainer-coach-lecturer-speaker-for-leader.jpg","type":"image\/jpeg"}],"twitter_misc":{"Gesch\u00e4tzte Lesezeit":"4\u00a0Minuten"},"schema":{"@context":"https:\/\/schema.org","@graph":[{"@type":"WebPage","@id":"https:\/\/erica-kessler.com\/services\/","url":"https:\/\/erica-kessler.com\/services\/","name":"Services - Erica Kessler Linkedin training","isPartOf":{"@id":"https:\/\/erica-kessler.com\/#website"},"primaryImageOfPage":{"@id":"https:\/\/erica-kessler.com\/services\/#primaryimage"},"image":{"@id":"https:\/\/erica-kessler.com\/services\/#primaryimage"},"thumbnailUrl":"https:\/\/erica-kessler.com\/wp-content\/uploads\/2023\/03\/erica-kessler-linkedin-trainer-coach-lecturer-speaker-for-leader.jpg","datePublished":"2020-02-10T18:08:21+00:00","dateModified":"2025-05-04T06:25:38+00:00","description":"Premium high-end customized global Linkedin Services for CEOs, executives and organizations who want to be leaders on Linkedin.","breadcrumb":{"@id":"https:\/\/erica-kessler.com\/services\/#breadcrumb"},"inLanguage":"de","potentialAction":[{"@type":"ReadAction","target":["https:\/\/erica-kessler.com\/services\/"]}]},{"@type":"ImageObject","inLanguage":"de","@id":"https:\/\/erica-kessler.com\/services\/#primaryimage","url":"https:\/\/erica-kessler.com\/wp-content\/uploads\/2023\/03\/erica-kessler-linkedin-trainer-coach-lecturer-speaker-for-leader.jpg","contentUrl":"https:\/\/erica-kessler.com\/wp-content\/uploads\/2023\/03\/erica-kessler-linkedin-trainer-coach-lecturer-speaker-for-leader.jpg","width":261,"height":261},{"@type":"BreadcrumbList","@id":"https:\/\/erica-kessler.com\/services\/#breadcrumb","itemListElement":[{"@type":"ListItem","position":1,"name":"Home","item":"https:\/\/erica-kessler.com\/"},{"@type":"ListItem","position":2,"name":"Services"}]},{"@type":"WebSite","@id":"https:\/\/erica-kessler.com\/#website","url":"https:\/\/erica-kessler.com\/","name":"Erica Kessler","description":"Erica Kessler is a Linkedin Trainer, Lecturer and Speaker","potentialAction":[{"@type":"SearchAction","target":{"@type":"EntryPoint","urlTemplate":"https:\/\/erica-kessler.com\/?s={search_term_string}"},"query-input":{"@type":"PropertyValueSpecification","valueRequired":true,"valueName":"search_term_string"}}],"inLanguage":"de"}]}},"_links":{"self":[{"href":"https:\/\/erica-kessler.com\/de\/wp-json\/wp\/v2\/pages\/17","targetHints":{"allow":["GET"]}}],"collection":[{"href":"https:\/\/erica-kessler.com\/de\/wp-json\/wp\/v2\/pages"}],"about":[{"href":"https:\/\/erica-kessler.com\/de\/wp-json\/wp\/v2\/types\/page"}],"author":[{"embeddable":true,"href":"https:\/\/erica-kessler.com\/de\/wp-json\/wp\/v2\/users\/1"}],"replies":[{"embeddable":true,"href":"https:\/\/erica-kessler.com\/de\/wp-json\/wp\/v2\/comments?post=17"}],"version-history":[{"count":41,"href":"https:\/\/erica-kessler.com\/de\/wp-json\/wp\/v2\/pages\/17\/revisions"}],"predecessor-version":[{"id":1755,"href":"https:\/\/erica-kessler.com\/de\/wp-json\/wp\/v2\/pages\/17\/revisions\/1755"}],"wp:featuredmedia":[{"embeddable":true,"href":"https:\/\/erica-kessler.com\/de\/wp-json\/wp\/v2\/media\/1215"}],"wp:attachment":[{"href":"https:\/\/erica-kessler.com\/de\/wp-json\/wp\/v2\/media?parent=17"}],"curies":[{"name":"wp","href":"https:\/\/api.w.org\/{rel}","templated":true}]}}