{"id":16,"date":"2020-02-10T19:08:21","date_gmt":"2020-02-10T19:08:21","guid":{"rendered":"https:\/\/erica-kessler.com\/?page_id=16"},"modified":"2025-10-11T17:41:17","modified_gmt":"2025-10-11T15:41:17","slug":"erica-kessler","status":"publish","type":"page","link":"https:\/\/erica-kessler.com\/de\/erica-kessler\/","title":{"rendered":"Erica Kessler"},"content":{"rendered":"<h1>\n\t\tI&#8217;m Erica Kessler, the  founder of Social Media Leaders GmbH\n\t<\/h1>\n\t\t\t\t<img loading=\"lazy\" decoding=\"async\" src=\"https:\/\/erica-kessler.com\/wp-content\/uploads\/2025\/03\/Erica-Kessler-Linkedin-Strategist-Trainerin-Coach-Referentin-seit-2015-Luzern-Schweiz.jpg\" alt=\"Erica Kessler Linkedin Strategist Trainerin Coach Referentin seit 2015 Luzern Schweiz\" itemprop=\"image\" height=\"1000\" width=\"1362\" title=\"Erica Kessler Linkedin Strategist Trainerin Coach Referentin seit 2015 Luzern Schweiz\" onerror=\"this.style.display='none'\"  \/>\n\t\t\t<a href=\"https:\/\/erica-kessler.com\/de\/contact\/\" target=\"_blank\" rel=\"noopener\">\n\t\t\t\t\t\t\tKontaktieren Sie mich\n\t\t\t\t\t<\/a>\n\t<p><strong>Ende November 2012 habe ich beschlossen, mein eigenes Unternehmen zu gr\u00fcnden. Was mir an Social Media wirklich gef\u00e4llt, ist das Hierarchielose und die wechselseitige Kommunikation. Dies erm\u00f6glicht es, globale Beziehungen zu F\u00fchrungskr\u00e4ften, C-Level-Personen, Influencern und Branchenexperten aufzubauen und immer wieder Neues zu lernen.<\/strong><\/p>\n<p>Yes, so many opportunities have arisen since I&#8217;m using social media strategically, especially Linkedin.<\/p>\n<p>Am 10. November 2007 meldete ich mich bei Linkedin an. Und ja, nur mit einem Lebenslauf, was ziemlich langweilig war. Ich war die typische passive Schweizer Nutzerin, habe lediglich Kontaktanfragen akzeptiert und so mein Netzwerk aufgebaut. Doch innerhalb von nur sechs Jahren ist es mir dank Linkedin gelungen, sowohl meinen Personal Brand als auch mein Unternehmens-Branding zu etablieren und mir weltweit einen Namen zu machen.<\/p>\n<p>Viele meiner Kunden und andere Interessierte k\u00f6nnen mich immer und jederzeit finden. Indem ich \u00fcber mein pers\u00f6nliches Linkedin-Profil oder \u00fcber meine Linkedin-Business-Seite Inhalte teile, authentisch auf Kommentare reagiere und andere Beitr\u00e4ge like oder kommentiere, erscheine ich auch in deren Newsfeed. Sichtbarkeit schafft Chancen und wird von so vielen Menschen untersch\u00e4tzt. Ich habe ein erstklassiges globales Netzwerk aufgebaut, das mir beim Erreichen meiner Ziele wertvolle Unterst\u00fctzung bietet.<\/p>\n<p><strong>Menschen, die ich innerhalb meines Netzwerks treffe, fragen mich h\u00e4ufig: Was hat dir Linkedin gebracht?<\/strong><\/p>\n<p>I gained global and local clients like Victorinox AG, Swisscom (Schweiz) AG, Pilatus Aircraft Ltd, Dallmayr Vending &amp; Office Switzerland, Radisson Blu Hotel Lucerne, University of Zurich, University of Lucerne, University of St. Gallen, University of Lucerne, CEOs and CFOs, C-Level executives and students, to name some. I&#8217;m invited as a lecturer and speaker. My speaking engagements and events are sold out with waiting lists.<\/p>\n<p>It&#8217;s exciting to meet new people, organizations and teams. I also like to travel to my clients to feel their atmosphere and get a glimpse into their culture. After a Linkedin training, I like to relax at a local coffee shop.<\/p>\n<h3>\n\t\tI&#8217;m your Linkedin Strategist, Trainer, Consultant, Lecturer and Speaker\n\t<\/h3>\n<h3>\n\t\tEs gibt nichts Magisches an Linkedin. Man braucht nur das richtige Mindset, eine klare Strategie und eine langfristige Ausrichtung. Wenn ich meine Gesch\u00e4ftsziele erreichen kann, k\u00f6nnen Sie das mithilfe von Linkedin ebenfalls.\n\t<\/h3>\n\t<p>Since 2013 I&#8217;m now helping professionals stand out on Linkedin through consulting, one-to-one or group training, and workshops in person or via video conference in Switzerland or English speaking countries. This includes consulting and training organizations, CEOs, C-level, communication, HR or sales teams, and executive professionals, while planning their career transition or next career step with the help of innovative and creative marketing ideas.<\/p>\n<p><strong>Was ich von meinen Kunden und meinem Publikum immer wieder h\u00f6re:<\/strong><\/p>\n<ul>\n<li>Wir dachten, unsere Linkedin-Unternehmensseite sei gut. Doch erst jetzt wissen wir, dass Sie okay war.<\/li>\n<li>Ich dachte, dass mein Linkedin-Profil gut sei. Doch erst jetzt weiss ich, dass es okay ist.<\/li>\n<li>Ich wusste nicht, dass Linkedin so viele M\u00f6glichkeiten bietet.<\/li>\n<li>Ich war \u00fcberrascht, dass mein Profil oder die Unternehmensseite mit Schl\u00fcsselw\u00f6rtern immer und jederzeit gefunden werden kann.<\/li>\n<li>Ich wusste nicht, dass ich Leads gewinnen und meinen Umsatz steigern kann.<\/li>\n<li>Als Headhunter, Personalvermittler oder Active Sourcer habe ich das pers\u00f6nliche Profil untersch\u00e4tzt und die wirklich wichtigen Funktionen kennengelernt.<\/li>\n<li>Ich w\u00fcnschte, ich h\u00e4tte Ihre vertieften Einblicke und Ratschl\u00e4ge schon erhalten, als ich anfing.<\/li>\n<li>Ich wusste nicht, dass mir das Teilen von professionellen Beitr\u00e4gen und der Dialog im Newsfeed beim Erreichen meiner Ziele helfen.<\/li>\n<\/ul>\n<p><strong>I&#8217;m also a speaker that shares inspirational talks, educational presentations, and motivates audiences to act immediately on what they have learned.<\/strong><\/p>\n<p>Meine Kunden konnten von meinen Linkedin-Schulungen, meiner Beratung und meinen Marketingtaktiken profitieren und diese gewinnbringend nutzen. Dank ihnen konnten sie sich besser positionieren, mehr Leads gewinnen, den Umsatz steigern, Talente f\u00fcr ihr Unternehmen akquirieren, eine neue Stelle finden, mehr Aufmerksamkeit von Headhuntern und Personalvermittlern erhalten, an ausverkauften Veranstaltungen oder Messen sichtbarer werden, sich mit einem gr\u00f6sseren globalen Netzwerk verbinden und insgesamt ihre pers\u00f6nliche Marke und ihr Unternehmensprofil auf Linkedin st\u00e4rken.<\/p>\n<p>Ich setze meine Energie, mein Kommunikations- und HR-Wissen gepaart mit einem globalen Netzwerk von Branchenprofis sowie meine fliessenden Deutsch- und Englischkenntnissen ein, um Ihnen und Ihrem Unternehmen bei der Transformation zu helfen.<\/p>\n<p><strong>Wie kann ich Ihnen helfen, Ihre Bekanntheit zu steigern, Ihren Gesch\u00e4fts- oder pers\u00f6nlichen Erfolg zu vergr\u00f6ssern und Sie Ihren Zielen mit meinen massgeschneiderten Premium-Linkedin-Schulungen und -Beratungen n\u00e4her bringen?<\/strong><\/p>\n\t\t\t<a href=\"https:\/\/erica-kessler.com\/de\/contact\/\" target=\"_blank\" rel=\"noopener\">\n\t\t\t\t\t\t\tKontaktieren Sie mich\n\t\t\t\t\t<\/a>\n\t<h1>Weltweite Ver\u00f6ffentlichung<\/h1>\n\t\t<h5>Online<\/h5><h3>INC. Business Magazine, New York<\/h3>\t\t\t\n\t\t\t\t<p>Warum Linkedin f\u00fcr Unternehmen wichtig ist.<\/p>\n<a href=\"https:\/\/www.inc.com\/rebekah-radice\/the-3-social-networks-that-matter-to-your-business-and-why.html\" target=\"_self\">Lesen Sie den Artikel.<\/a>\t\t\t\n\t\t<h5>Online<\/h5><h3>NZZ am Sonntag, Schweiz<\/h3>\t\t\t\n\t\t\t\t<p>Weshalb Linkedin f\u00fcr Job-Suche und Personalvermittler wichtig ist.<\/p>\n<a href=\"https:\/\/nzzas.nzz.ch\/wirtschaft\/der-roboter-ist-der-neue-personalchef-ld.1375242?reduced=true\" target=\"_self\">Lesen Sie den Artikel.<\/a>\t\t\t\n\t\t<h5>Print<\/h5><h3>Persorama, Schweizer HR-Magazin <\/h3>\t\t\t\n\t\t\t\t<p>Haben Sie heute schon geliked?<\/p>\n<a href=\"https:\/\/hr-swiss.ch\" target=\"_self\">Besuchen Sie die Webseite von HR-Swiss.<\/a>\t\t\t\n\t<h1>Mein Business Partner<\/h1>\n<h2>\n\t\t<a href=\"https:\/\/www.lrcunningham.com\" title=\"Christoph Hilber - Connecting Personalities\"  target=\"_blank\"  rel=\"noopener\">\n\t\tChristoph Hilber &#8211; Connecting Personalities\n\t\t<\/a>\n\t<\/h2>\n\t<p>Christoph is Executive Searcher in the Technology Practice of Experts up to Board Members and Career Coach with Outplacement\/Nextplacement Services. Christoph uses his expertise in headhunting and transforms it into the essential guidance he provides with coaching. Knowing how to find interesting candidates means at the same time knowing how to be found, when looking for a new position. Being present in business social media platforms like Linkedin with a professional profile focusing on highlights and career goals is an absolute must in his eyes. There is no better way to promote oneself in a proactive and targeted way. P-Connect stands for &#8216;connecting personalities&#8217; &#8211; social media offers many features not only to promote professional competences but also to underline personal values and attitudes.<\/p>\n\t\t\t<a href=\"https:\/\/p-connect.ch\" target=\"_blank\" rel=\"noopener\">\n\t\t\t\t\t\t\tBesuchen Sie die Webseite von Christoph Hilber\n\t\t\t\t\t<\/a>\n\t\t\t\t<img loading=\"lazy\" decoding=\"async\" src=\"https:\/\/erica-kessler.com\/wp-content\/uploads\/2020\/08\/Christoph-Hilber-P-Connect-Headhunter-Newplacement-Nextplacement-Connecting-Personalities-Zurich-Switzerland-1024x1024.png\" alt=\"Christoph Hilber P Connect Headhunter Newplacement Nextplacement Connecting Personalities Zurich Switzerland\" itemprop=\"image\" height=\"1024\" width=\"1024\" title=\"Christoph Hilber P Connect Headhunter Newplacement Nextplacement Connecting Personalities Zurich Switzerland\" onerror=\"this.style.display='none'\"  \/>\n\n<div class=\"shariff shariff-align-left shariff-widget-align-left\"><ul class=\"shariff-buttons theme-default orientation-horizontal buttonsize-medium\"><li class=\"shariff-button linkedin shariff-nocustomcolor\" style=\"background-color:#1488bf\"><a href=\"https:\/\/www.linkedin.com\/sharing\/share-offsite\/?url=https%3A%2F%2Ferica-kessler.com%2Fde%2Ferica-kessler%2F\" title=\"Share on LinkedIn\" aria-label=\"Share on LinkedIn\" role=\"button\" rel=\"noopener nofollow\" class=\"shariff-link\" style=\"; background-color:#0077b5; color:#fff\" target=\"_blank\"><span class=\"shariff-icon\" style=\"\"><svg width=\"32px\" height=\"20px\" xmlns=\"http:\/\/www.w3.org\/2000\/svg\" viewbox=\"0 0 27 32\"><path fill=\"#0077b5\" d=\"M6.2 11.2v17.7h-5.9v-17.7h5.9zM6.6 5.7q0 1.3-0.9 2.2t-2.4 0.9h0q-1.5 0-2.4-0.9t-0.9-2.2 0.9-2.2 2.4-0.9 2.4 0.9 0.9 2.2zM27.4 18.7v10.1h-5.9v-9.5q0-1.9-0.7-2.9t-2.3-1.1q-1.1 0-1.9 0.6t-1.2 1.5q-0.2 0.5-0.2 1.4v9.9h-5.9q0-7.1 0-11.6t0-5.3l0-0.9h5.9v2.6h0q0.4-0.6 0.7-1t1-0.9 1.6-0.8 2-0.3q3 0 4.9 2t1.9 6z\"\/><\/svg><\/span><span class=\"shariff-text\">share<\/span>&nbsp;<\/a><\/li><\/ul><\/div>","protected":false},"excerpt":{"rendered":"<p>I&#8217;m Erica Kessler, the founder of Social Media Leaders GmbH Contact Erica Kessler At the end of November 2012 I have decided to set up my own company. What I really like about Social Media is the lack of hierarchy and the two-way communication possibilities to build global relationships with leaders, C-Level and industry experts,&hellip;<\/p>","protected":false},"author":1,"featured_media":1359,"parent":0,"menu_order":0,"comment_status":"closed","ping_status":"closed","template":"","meta":{"_acf_changed":false,"footnotes":""},"class_list":["post-16","page","type-page","status-publish","has-post-thumbnail","hentry"],"acf":[],"yoast_head":"<!-- This site is optimized with the Yoast SEO plugin v27.4 - https:\/\/yoast.com\/product\/yoast-seo-wordpress\/ -->\n<title>Erica Kessler - Erica Kessler<\/title>\n<meta name=\"description\" content=\"I empower clients globally to be leaders on Linkedin, using ethical and high quality standards. Customized high-end Linkedin Premium Services\" \/>\n<meta name=\"robots\" content=\"index, follow, max-snippet:-1, max-image-preview:large, max-video-preview:-1\" \/>\n<link rel=\"canonical\" href=\"https:\/\/erica-kessler.com\/de\/erica-kessler\/\" \/>\n<meta property=\"og:locale\" content=\"de_DE\" \/>\n<meta property=\"og:type\" content=\"article\" \/>\n<meta property=\"og:title\" content=\"Erica Kessler\" \/>\n<meta property=\"og:description\" content=\"I empower clients globally to be leaders on Linkedin, using ethical and high quality standards. Customized high-end Linkedin Premium Services\" \/>\n<meta property=\"og:url\" content=\"https:\/\/erica-kessler.com\/de\/erica-kessler\/\" \/>\n<meta property=\"og:site_name\" content=\"Erica Kessler\" \/>\n<meta property=\"article:modified_time\" content=\"2025-10-11T15:41:17+00:00\" \/>\n<meta property=\"og:image\" content=\"https:\/\/erica-kessler.com\/wp-content\/uploads\/2024\/02\/Erica-Kessler-Linkedin-strategist-trainer-lecturer-speaker-in-Switzerland-1.jpg\" \/>\n\t<meta property=\"og:image:width\" content=\"584\" \/>\n\t<meta property=\"og:image:height\" content=\"641\" \/>\n\t<meta property=\"og:image:type\" content=\"image\/jpeg\" \/>\n<meta name=\"twitter:label1\" content=\"Gesch\u00e4tzte Lesezeit\" \/>\n\t<meta name=\"twitter:data1\" content=\"5\u00a0Minuten\" \/>\n<!-- \/ Yoast SEO plugin. -->","yoast_head_json":{"title":"Erica Kessler - Erica Kessler","description":"I empower clients globally to be leaders on Linkedin, using ethical and high quality standards. Customized high-end Linkedin Premium Services","robots":{"index":"index","follow":"follow","max-snippet":"max-snippet:-1","max-image-preview":"max-image-preview:large","max-video-preview":"max-video-preview:-1"},"canonical":"https:\/\/erica-kessler.com\/de\/erica-kessler\/","og_locale":"de_DE","og_type":"article","og_title":"Erica Kessler","og_description":"I empower clients globally to be leaders on Linkedin, using ethical and high quality standards. Customized high-end Linkedin Premium Services","og_url":"https:\/\/erica-kessler.com\/de\/erica-kessler\/","og_site_name":"Erica Kessler","article_modified_time":"2025-10-11T15:41:17+00:00","og_image":[{"width":584,"height":641,"url":"https:\/\/erica-kessler.com\/wp-content\/uploads\/2024\/02\/Erica-Kessler-Linkedin-strategist-trainer-lecturer-speaker-in-Switzerland-1.jpg","type":"image\/jpeg"}],"twitter_misc":{"Gesch\u00e4tzte Lesezeit":"5\u00a0Minuten"},"schema":{"@context":"https:\/\/schema.org","@graph":[{"@type":"WebPage","@id":"https:\/\/erica-kessler.com\/erica-kessler\/","url":"https:\/\/erica-kessler.com\/erica-kessler\/","name":"Erica Kessler - Erica Kessler","isPartOf":{"@id":"https:\/\/erica-kessler.com\/#website"},"primaryImageOfPage":{"@id":"https:\/\/erica-kessler.com\/erica-kessler\/#primaryimage"},"image":{"@id":"https:\/\/erica-kessler.com\/erica-kessler\/#primaryimage"},"thumbnailUrl":"https:\/\/erica-kessler.com\/wp-content\/uploads\/2024\/02\/Erica-Kessler-Linkedin-strategist-trainer-lecturer-speaker-Lucerne-Switzerland.tif","datePublished":"2020-02-10T19:08:21+00:00","dateModified":"2025-10-11T15:41:17+00:00","description":"I empower clients globally to be leaders on Linkedin, using ethical and high quality standards. Customized high-end Linkedin Premium Services","breadcrumb":{"@id":"https:\/\/erica-kessler.com\/erica-kessler\/#breadcrumb"},"inLanguage":"de","potentialAction":[{"@type":"ReadAction","target":["https:\/\/erica-kessler.com\/erica-kessler\/"]}]},{"@type":"ImageObject","inLanguage":"de","@id":"https:\/\/erica-kessler.com\/erica-kessler\/#primaryimage","url":"https:\/\/erica-kessler.com\/wp-content\/uploads\/2024\/02\/Erica-Kessler-Linkedin-strategist-trainer-lecturer-speaker-Lucerne-Switzerland.tif","contentUrl":"https:\/\/erica-kessler.com\/wp-content\/uploads\/2024\/02\/Erica-Kessler-Linkedin-strategist-trainer-lecturer-speaker-Lucerne-Switzerland.tif"},{"@type":"BreadcrumbList","@id":"https:\/\/erica-kessler.com\/erica-kessler\/#breadcrumb","itemListElement":[{"@type":"ListItem","position":1,"name":"Home","item":"https:\/\/erica-kessler.com\/"},{"@type":"ListItem","position":2,"name":"Erica Kessler"}]},{"@type":"WebSite","@id":"https:\/\/erica-kessler.com\/#website","url":"https:\/\/erica-kessler.com\/","name":"Erica Kessler","description":"Erica Kessler is a Linkedin Trainer, Lecturer and Speaker","potentialAction":[{"@type":"SearchAction","target":{"@type":"EntryPoint","urlTemplate":"https:\/\/erica-kessler.com\/?s={search_term_string}"},"query-input":{"@type":"PropertyValueSpecification","valueRequired":true,"valueName":"search_term_string"}}],"inLanguage":"de"}]}},"_links":{"self":[{"href":"https:\/\/erica-kessler.com\/de\/wp-json\/wp\/v2\/pages\/16","targetHints":{"allow":["GET"]}}],"collection":[{"href":"https:\/\/erica-kessler.com\/de\/wp-json\/wp\/v2\/pages"}],"about":[{"href":"https:\/\/erica-kessler.com\/de\/wp-json\/wp\/v2\/types\/page"}],"author":[{"embeddable":true,"href":"https:\/\/erica-kessler.com\/de\/wp-json\/wp\/v2\/users\/1"}],"replies":[{"embeddable":true,"href":"https:\/\/erica-kessler.com\/de\/wp-json\/wp\/v2\/comments?post=16"}],"version-history":[{"count":18,"href":"https:\/\/erica-kessler.com\/de\/wp-json\/wp\/v2\/pages\/16\/revisions"}],"predecessor-version":[{"id":1708,"href":"https:\/\/erica-kessler.com\/de\/wp-json\/wp\/v2\/pages\/16\/revisions\/1708"}],"wp:featuredmedia":[{"embeddable":true,"href":"https:\/\/erica-kessler.com\/de\/wp-json\/wp\/v2\/media\/1359"}],"wp:attachment":[{"href":"https:\/\/erica-kessler.com\/de\/wp-json\/wp\/v2\/media?parent=16"}],"curies":[{"name":"wp","href":"https:\/\/api.w.org\/{rel}","templated":true}]}}